{"id":1452,"date":"2024-09-24T20:24:17","date_gmt":"2024-09-24T19:24:17","guid":{"rendered":"https:\/\/clasicasierracentro.com\/?page_id=1452"},"modified":"2025-09-22T21:43:57","modified_gmt":"2025-09-22T20:43:57","slug":"palmares-2","status":"publish","type":"page","link":"https:\/\/clasicasierracentro.com\/?page_id=1452","title":{"rendered":"Palmar\u00e9s"},"content":{"rendered":"\n<div class=\"wp-block-columns alignwide is-layout-flex wp-container-core-columns-is-layout-9d6595d7 wp-block-columns-is-layout-flex\">\n<div class=\"wp-block-column is-layout-flow wp-block-column-is-layout-flow\">\n<div class=\"wp-block-group has-background\" style=\"background-color:#ffffff\"><div class=\"wp-block-group__inner-container is-layout-flow wp-block-group-is-layout-flow\">\n<h2 class=\"wp-block-heading has-text-align-center\">I Cl\u00e1sica Sierra Centro \u00abMini\u00bb 2024<\/h2>\n\n\n\n<figure class=\"wp-block-gallery has-nested-images columns-default is-cropped wp-block-gallery-1 is-layout-flex wp-block-gallery-is-layout-flex\">\n<figure class=\"wp-block-image size-full\"><a href=\"https:\/\/clasicasierracentro.com\/?page_id=1436\" target=\"_blank\" rel=\"noreferrer noopener\"><img loading=\"lazy\" decoding=\"async\" width=\"888\" height=\"419\" data-id=\"1313\" src=\"http:\/\/clasicasierracentro.com\/wp-content\/uploads\/2024\/05\/cropped-PLACA-RALLY-1-1.png\" alt=\"\" class=\"wp-image-1313\" srcset=\"https:\/\/clasicasierracentro.com\/wp-content\/uploads\/2024\/05\/cropped-PLACA-RALLY-1-1.png 888w, https:\/\/clasicasierracentro.com\/wp-content\/uploads\/2024\/05\/cropped-PLACA-RALLY-1-1-300x142.png 300w, https:\/\/clasicasierracentro.com\/wp-content\/uploads\/2024\/05\/cropped-PLACA-RALLY-1-1-768x362.png 768w\" sizes=\"auto, (max-width: 888px) 100vw, 888px\" \/><\/a><\/figure>\n<\/figure>\n\n\n\n<p class=\"has-text-align-center\" style=\"font-size:16px\"><b>1\u00ba- <\/b><strong><strong>Raul Maniliuc &#8211; Rocio Garc\u00eda<\/strong><\/strong><\/p>\n\n\n\n<p class=\"has-text-align-center\" style=\"font-size:16px\"><strong>Renault Clio<\/strong><\/p>\n\n\n\n<p class=\"has-text-align-center\" style=\"font-size:16px\"><b>2\u00ba- <\/b><strong><strong>Luis Menendez &#8211; Wendy Guzman<\/strong><\/strong><\/p>\n\n\n\n<p class=\"has-text-align-center\" style=\"font-size:16px\"><strong>VW Golf Mk III<\/strong><\/p>\n\n\n\n<p class=\"has-text-align-center\" style=\"font-size:16px\"><b>3\u00ba- <\/b><strong><strong>Juan Miguel Quintana &#8211; Alberto de Pablos<\/strong><\/strong><\/p>\n\n\n\n<p class=\"has-text-align-center\" style=\"font-size:16px\"><strong> Autobianchi A112 Abarth<\/strong><\/p>\n<\/div><\/div>\n<\/div>\n\n\n\n<div class=\"wp-block-column is-layout-flow wp-block-column-is-layout-flow\">\n<div class=\"wp-block-group has-background\" style=\"background-color:#ffffff\"><div class=\"wp-block-group__inner-container is-layout-flow wp-block-group-is-layout-flow\">\n<h2 class=\"wp-block-heading has-text-align-center\">II Cl\u00e1sica Sierra Centro \u00abMini\u00bb 2025<\/h2>\n\n\n\n<figure class=\"wp-block-gallery has-nested-images columns-default is-cropped wp-block-gallery-2 is-layout-flex wp-block-gallery-is-layout-flex\">\n<figure class=\"wp-block-image size-full\"><a href=\"https:\/\/clasicasierracentro.com\/?page_id=1819\" target=\"_blank\" rel=\"noreferrer noopener\"><img loading=\"lazy\" decoding=\"async\" width=\"889\" height=\"407\" data-id=\"1751\" src=\"https:\/\/clasicasierracentro.com\/wp-content\/uploads\/2025\/01\/cropped-PLACA-CSC-MINI-25-FECHA.png\" alt=\"\" class=\"wp-image-1751\" srcset=\"https:\/\/clasicasierracentro.com\/wp-content\/uploads\/2025\/01\/cropped-PLACA-CSC-MINI-25-FECHA.png 889w, https:\/\/clasicasierracentro.com\/wp-content\/uploads\/2025\/01\/cropped-PLACA-CSC-MINI-25-FECHA-300x137.png 300w, https:\/\/clasicasierracentro.com\/wp-content\/uploads\/2025\/01\/cropped-PLACA-CSC-MINI-25-FECHA-768x352.png 768w\" sizes=\"auto, (max-width: 889px) 100vw, 889px\" \/><\/a><\/figure>\n<\/figure>\n\n\n\n<p class=\"has-text-align-center\" style=\"font-size:16px\"><b>1\u00ba- <\/b><strong><strong>Jos\u00e9 Luis G\u00f3mez &#8211; Alicia Pino<\/strong><\/strong><\/p>\n\n\n\n<p class=\"has-text-align-center\" style=\"font-size:16px\"><strong>Fiat Barchetta<\/strong><\/p>\n\n\n\n<p class=\"has-text-align-center\" style=\"font-size:16px\"><b>2\u00ba- <\/b><strong><strong>Luis Menendez &#8211; Wendy Guzman<\/strong><\/strong><\/p>\n\n\n\n<p class=\"has-text-align-center\" style=\"font-size:16px\"><strong>VW Golf Mk III<\/strong><\/p>\n\n\n\n<p class=\"has-text-align-center\" style=\"font-size:16px\"><b>3\u00ba- <\/b><strong><strong>Daniel Guerra &#8211; Daniel de la Torre<\/strong><\/strong><\/p>\n\n\n\n<p class=\"has-text-align-center\" style=\"font-size:16px\"><strong> Alfa Romeo GTV<\/strong><\/p>\n<\/div><\/div>\n<\/div>\n<\/div>\n","protected":false},"excerpt":{"rendered":"<p>I Cl\u00e1sica Sierra Centro \u00abMini\u00bb 2024 1\u00ba- Raul Maniliuc &#8211; Rocio Garc\u00eda Renault Clio 2\u00ba- Luis Menendez &#8211; Wendy Guzman VW Golf Mk III 3\u00ba- Juan Miguel Quintana &#8211; Alberto de Pablos Autobianchi A112 Abarth II Cl\u00e1sica Sierra Centro \u00abMini\u00bb 2025 1\u00ba- Jos\u00e9 Luis G\u00f3mez &#8211; Alicia Pino Fiat Barchetta 2\u00ba- Luis Menendez &#8211; Wendy [&hellip;]<\/p>\n","protected":false},"author":1,"featured_media":0,"parent":0,"menu_order":0,"comment_status":"closed","ping_status":"closed","template":"","meta":{"om_disable_all_campaigns":false,"_monsterinsights_skip_tracking":false,"_monsterinsights_sitenote_active":false,"_monsterinsights_sitenote_note":"","_monsterinsights_sitenote_category":0,"footnotes":""},"class_list":["post-1452","page","type-page","status-publish","hentry"],"yoast_head":"<!-- This site is optimized with the Yoast SEO plugin v27.2 - https:\/\/yoast.com\/product\/yoast-seo-wordpress\/ -->\n<title>Palmar\u00e9s | CL\u00c1SICA SIERRA CENTRO<\/title>\n<meta name=\"robots\" content=\"index, follow, max-snippet:-1, max-image-preview:large, max-video-preview:-1\" \/>\n<link rel=\"canonical\" href=\"https:\/\/clasicasierracentro.com\/?page_id=1452\" \/>\n<meta property=\"og:locale\" content=\"es_ES\" \/>\n<meta property=\"og:type\" content=\"article\" \/>\n<meta property=\"og:title\" content=\"Palmar\u00e9s | CL\u00c1SICA SIERRA CENTRO\" \/>\n<meta property=\"og:description\" content=\"I Cl\u00e1sica Sierra Centro \u00abMini\u00bb 2024 1\u00ba- Raul Maniliuc &#8211; Rocio Garc\u00eda Renault Clio 2\u00ba- Luis Menendez &#8211; Wendy Guzman VW Golf Mk III 3\u00ba- Juan Miguel Quintana &#8211; Alberto de Pablos Autobianchi A112 Abarth II Cl\u00e1sica Sierra Centro \u00abMini\u00bb 2025 1\u00ba- Jos\u00e9 Luis G\u00f3mez &#8211; Alicia Pino Fiat Barchetta 2\u00ba- Luis Menendez &#8211; Wendy [&hellip;]\" \/>\n<meta property=\"og:url\" content=\"https:\/\/clasicasierracentro.com\/?page_id=1452\" \/>\n<meta property=\"og:site_name\" content=\"CL\u00c1SICA SIERRA CENTRO\" \/>\n<meta property=\"article:modified_time\" content=\"2025-09-22T20:43:57+00:00\" \/>\n<meta property=\"og:image\" content=\"https:\/\/clasicasierracentro.com\/wp-content\/uploads\/2024\/05\/cropped-PLACA-RALLY-1-1.png\" \/>\n\t<meta property=\"og:image:width\" content=\"888\" \/>\n\t<meta property=\"og:image:height\" content=\"419\" \/>\n\t<meta property=\"og:image:type\" content=\"image\/png\" \/>\n<meta name=\"twitter:card\" content=\"summary_large_image\" \/>\n<meta name=\"twitter:label1\" content=\"Tiempo de lectura\" \/>\n\t<meta name=\"twitter:data1\" content=\"1 minuto\" \/>\n<script type=\"application\/ld+json\" class=\"yoast-schema-graph\">{\"@context\":\"https:\/\/schema.org\",\"@graph\":[{\"@type\":\"WebPage\",\"@id\":\"https:\/\/clasicasierracentro.com\/?page_id=1452\",\"url\":\"https:\/\/clasicasierracentro.com\/?page_id=1452\",\"name\":\"Palmar\u00e9s | CL\u00c1SICA SIERRA CENTRO\",\"isPartOf\":{\"@id\":\"https:\/\/clasicasierracentro.com\/#website\"},\"primaryImageOfPage\":{\"@id\":\"https:\/\/clasicasierracentro.com\/?page_id=1452#primaryimage\"},\"image\":{\"@id\":\"https:\/\/clasicasierracentro.com\/?page_id=1452#primaryimage\"},\"thumbnailUrl\":\"http:\/\/clasicasierracentro.com\/wp-content\/uploads\/2024\/05\/cropped-PLACA-RALLY-1-1.png\",\"datePublished\":\"2024-09-24T19:24:17+00:00\",\"dateModified\":\"2025-09-22T20:43:57+00:00\",\"breadcrumb\":{\"@id\":\"https:\/\/clasicasierracentro.com\/?page_id=1452#breadcrumb\"},\"inLanguage\":\"es\",\"potentialAction\":[{\"@type\":\"ReadAction\",\"target\":[\"https:\/\/clasicasierracentro.com\/?page_id=1452\"]}]},{\"@type\":\"ImageObject\",\"inLanguage\":\"es\",\"@id\":\"https:\/\/clasicasierracentro.com\/?page_id=1452#primaryimage\",\"url\":\"https:\/\/clasicasierracentro.com\/wp-content\/uploads\/2024\/05\/cropped-PLACA-RALLY-1-1.png\",\"contentUrl\":\"https:\/\/clasicasierracentro.com\/wp-content\/uploads\/2024\/05\/cropped-PLACA-RALLY-1-1.png\",\"width\":888,\"height\":419},{\"@type\":\"BreadcrumbList\",\"@id\":\"https:\/\/clasicasierracentro.com\/?page_id=1452#breadcrumb\",\"itemListElement\":[{\"@type\":\"ListItem\",\"position\":1,\"name\":\"Portada\",\"item\":\"https:\/\/clasicasierracentro.com\/\"},{\"@type\":\"ListItem\",\"position\":2,\"name\":\"Palmar\u00e9s\"}]},{\"@type\":\"WebSite\",\"@id\":\"https:\/\/clasicasierracentro.com\/#website\",\"url\":\"https:\/\/clasicasierracentro.com\/\",\"name\":\"CL\u00c1SICA SIERRA CENTRO\",\"description\":\"CL\u00c1SICA SIERRA CENTRO\",\"publisher\":{\"@id\":\"https:\/\/clasicasierracentro.com\/#\/schema\/person\/0dbe694ae3855c65b8c501f1728ad93a\"},\"potentialAction\":[{\"@type\":\"SearchAction\",\"target\":{\"@type\":\"EntryPoint\",\"urlTemplate\":\"https:\/\/clasicasierracentro.com\/?s={search_term_string}\"},\"query-input\":{\"@type\":\"PropertyValueSpecification\",\"valueRequired\":true,\"valueName\":\"search_term_string\"}}],\"inLanguage\":\"es\"},{\"@type\":[\"Person\",\"Organization\"],\"@id\":\"https:\/\/clasicasierracentro.com\/#\/schema\/person\/0dbe694ae3855c65b8c501f1728ad93a\",\"name\":\"Cl\u00e1sica Sierra Centro\",\"image\":{\"@type\":\"ImageObject\",\"inLanguage\":\"es\",\"@id\":\"https:\/\/clasicasierracentro.com\/wp-content\/uploads\/2025\/12\/cropped-Placa-XI-Clasica-Sierra-Centro-2026.png\",\"url\":\"https:\/\/clasicasierracentro.com\/wp-content\/uploads\/2025\/12\/cropped-Placa-XI-Clasica-Sierra-Centro-2026.png\",\"contentUrl\":\"https:\/\/clasicasierracentro.com\/wp-content\/uploads\/2025\/12\/cropped-Placa-XI-Clasica-Sierra-Centro-2026.png\",\"width\":613,\"height\":460,\"caption\":\"Cl\u00e1sica Sierra Centro\"},\"logo\":{\"@id\":\"https:\/\/clasicasierracentro.com\/wp-content\/uploads\/2025\/12\/cropped-Placa-XI-Clasica-Sierra-Centro-2026.png\"},\"sameAs\":[\"http:\/\/clasicasierracentro.com\"]}]}<\/script>\n<!-- \/ Yoast SEO plugin. -->","yoast_head_json":{"title":"Palmar\u00e9s | CL\u00c1SICA SIERRA CENTRO","robots":{"index":"index","follow":"follow","max-snippet":"max-snippet:-1","max-image-preview":"max-image-preview:large","max-video-preview":"max-video-preview:-1"},"canonical":"https:\/\/clasicasierracentro.com\/?page_id=1452","og_locale":"es_ES","og_type":"article","og_title":"Palmar\u00e9s | CL\u00c1SICA SIERRA CENTRO","og_description":"I Cl\u00e1sica Sierra Centro \u00abMini\u00bb 2024 1\u00ba- Raul Maniliuc &#8211; Rocio Garc\u00eda Renault Clio 2\u00ba- Luis Menendez &#8211; Wendy Guzman VW Golf Mk III 3\u00ba- Juan Miguel Quintana &#8211; Alberto de Pablos Autobianchi A112 Abarth II Cl\u00e1sica Sierra Centro \u00abMini\u00bb 2025 1\u00ba- Jos\u00e9 Luis G\u00f3mez &#8211; Alicia Pino Fiat Barchetta 2\u00ba- Luis Menendez &#8211; Wendy [&hellip;]","og_url":"https:\/\/clasicasierracentro.com\/?page_id=1452","og_site_name":"CL\u00c1SICA SIERRA CENTRO","article_modified_time":"2025-09-22T20:43:57+00:00","og_image":[{"width":888,"height":419,"url":"https:\/\/clasicasierracentro.com\/wp-content\/uploads\/2024\/05\/cropped-PLACA-RALLY-1-1.png","type":"image\/png"}],"twitter_card":"summary_large_image","twitter_misc":{"Tiempo de lectura":"1 minuto"},"schema":{"@context":"https:\/\/schema.org","@graph":[{"@type":"WebPage","@id":"https:\/\/clasicasierracentro.com\/?page_id=1452","url":"https:\/\/clasicasierracentro.com\/?page_id=1452","name":"Palmar\u00e9s | CL\u00c1SICA SIERRA CENTRO","isPartOf":{"@id":"https:\/\/clasicasierracentro.com\/#website"},"primaryImageOfPage":{"@id":"https:\/\/clasicasierracentro.com\/?page_id=1452#primaryimage"},"image":{"@id":"https:\/\/clasicasierracentro.com\/?page_id=1452#primaryimage"},"thumbnailUrl":"http:\/\/clasicasierracentro.com\/wp-content\/uploads\/2024\/05\/cropped-PLACA-RALLY-1-1.png","datePublished":"2024-09-24T19:24:17+00:00","dateModified":"2025-09-22T20:43:57+00:00","breadcrumb":{"@id":"https:\/\/clasicasierracentro.com\/?page_id=1452#breadcrumb"},"inLanguage":"es","potentialAction":[{"@type":"ReadAction","target":["https:\/\/clasicasierracentro.com\/?page_id=1452"]}]},{"@type":"ImageObject","inLanguage":"es","@id":"https:\/\/clasicasierracentro.com\/?page_id=1452#primaryimage","url":"https:\/\/clasicasierracentro.com\/wp-content\/uploads\/2024\/05\/cropped-PLACA-RALLY-1-1.png","contentUrl":"https:\/\/clasicasierracentro.com\/wp-content\/uploads\/2024\/05\/cropped-PLACA-RALLY-1-1.png","width":888,"height":419},{"@type":"BreadcrumbList","@id":"https:\/\/clasicasierracentro.com\/?page_id=1452#breadcrumb","itemListElement":[{"@type":"ListItem","position":1,"name":"Portada","item":"https:\/\/clasicasierracentro.com\/"},{"@type":"ListItem","position":2,"name":"Palmar\u00e9s"}]},{"@type":"WebSite","@id":"https:\/\/clasicasierracentro.com\/#website","url":"https:\/\/clasicasierracentro.com\/","name":"CL\u00c1SICA SIERRA CENTRO","description":"CL\u00c1SICA SIERRA CENTRO","publisher":{"@id":"https:\/\/clasicasierracentro.com\/#\/schema\/person\/0dbe694ae3855c65b8c501f1728ad93a"},"potentialAction":[{"@type":"SearchAction","target":{"@type":"EntryPoint","urlTemplate":"https:\/\/clasicasierracentro.com\/?s={search_term_string}"},"query-input":{"@type":"PropertyValueSpecification","valueRequired":true,"valueName":"search_term_string"}}],"inLanguage":"es"},{"@type":["Person","Organization"],"@id":"https:\/\/clasicasierracentro.com\/#\/schema\/person\/0dbe694ae3855c65b8c501f1728ad93a","name":"Cl\u00e1sica Sierra Centro","image":{"@type":"ImageObject","inLanguage":"es","@id":"https:\/\/clasicasierracentro.com\/wp-content\/uploads\/2025\/12\/cropped-Placa-XI-Clasica-Sierra-Centro-2026.png","url":"https:\/\/clasicasierracentro.com\/wp-content\/uploads\/2025\/12\/cropped-Placa-XI-Clasica-Sierra-Centro-2026.png","contentUrl":"https:\/\/clasicasierracentro.com\/wp-content\/uploads\/2025\/12\/cropped-Placa-XI-Clasica-Sierra-Centro-2026.png","width":613,"height":460,"caption":"Cl\u00e1sica Sierra Centro"},"logo":{"@id":"https:\/\/clasicasierracentro.com\/wp-content\/uploads\/2025\/12\/cropped-Placa-XI-Clasica-Sierra-Centro-2026.png"},"sameAs":["http:\/\/clasicasierracentro.com"]}]}},"_links":{"self":[{"href":"https:\/\/clasicasierracentro.com\/index.php?rest_route=\/wp\/v2\/pages\/1452","targetHints":{"allow":["GET"]}}],"collection":[{"href":"https:\/\/clasicasierracentro.com\/index.php?rest_route=\/wp\/v2\/pages"}],"about":[{"href":"https:\/\/clasicasierracentro.com\/index.php?rest_route=\/wp\/v2\/types\/page"}],"author":[{"embeddable":true,"href":"https:\/\/clasicasierracentro.com\/index.php?rest_route=\/wp\/v2\/users\/1"}],"replies":[{"embeddable":true,"href":"https:\/\/clasicasierracentro.com\/index.php?rest_route=%2Fwp%2Fv2%2Fcomments&post=1452"}],"version-history":[{"count":4,"href":"https:\/\/clasicasierracentro.com\/index.php?rest_route=\/wp\/v2\/pages\/1452\/revisions"}],"predecessor-version":[{"id":1827,"href":"https:\/\/clasicasierracentro.com\/index.php?rest_route=\/wp\/v2\/pages\/1452\/revisions\/1827"}],"wp:attachment":[{"href":"https:\/\/clasicasierracentro.com\/index.php?rest_route=%2Fwp%2Fv2%2Fmedia&parent=1452"}],"curies":[{"name":"wp","href":"https:\/\/api.w.org\/{rel}","templated":true}]}}