{"id":1551,"date":"2025-01-27T11:39:35","date_gmt":"2025-01-27T10:39:35","guid":{"rendered":"https:\/\/clasicasierracentro.com\/?page_id=1551"},"modified":"2026-01-15T19:52:24","modified_gmt":"2026-01-15T18:52:24","slug":"i-desafio-clasicos-sierra-centro","status":"publish","type":"page","link":"https:\/\/clasicasierracentro.com\/?page_id=1551","title":{"rendered":"I    Desaf\u00edo                           Cl\u00e1sicos Sierra Centro 2025"},"content":{"rendered":"\n<div class=\"wp-block-columns alignwide is-layout-flex wp-container-core-columns-is-layout-9d6595d7 wp-block-columns-is-layout-flex\">\n<div class=\"wp-block-column is-layout-flow wp-block-column-is-layout-flow\">\n<div class=\"wp-block-group has-background\" style=\"background-color:#ffffff\"><div class=\"wp-block-group__inner-container is-layout-flow wp-block-group-is-layout-flow\">\n<figure class=\"wp-block-image size-full\"><img decoding=\"async\" src=\"http:\/\/clasicasierracentro.com\/wp-content\/uploads\/2025\/01\/Logo-desafio.png\" alt=\"\" class=\"wp-image-1546\"\/><\/figure>\n\n\n<div class=\"wp-block-image\">\n<figure class=\"aligncenter size-full is-resized\"><a href=\"https:\/\/drive.google.com\/file\/d\/15RDxLbX-JGLyAbZk-8N5lAZbU8qYREqL\/view?usp=sharing\" target=\"_blank\" rel=\" noreferrer noopener\"><img loading=\"lazy\" decoding=\"async\" width=\"335\" height=\"150\" src=\"https:\/\/clasicasierracentro.com\/wp-content\/uploads\/2025\/01\/reglamento.png\" alt=\"\" class=\"wp-image-1559\" style=\"width:419px;height:auto\" srcset=\"https:\/\/clasicasierracentro.com\/wp-content\/uploads\/2025\/01\/reglamento.png 335w, https:\/\/clasicasierracentro.com\/wp-content\/uploads\/2025\/01\/reglamento-300x134.png 300w\" sizes=\"auto, (max-width: 335px) 100vw, 335px\" \/><\/a><\/figure>\n<\/div>\n\n\n<div class=\"wp-block-buttons is-horizontal is-content-justification-center is-layout-flex wp-container-core-buttons-is-layout-499968f5 wp-block-buttons-is-layout-flex\">\n<div class=\"wp-block-button has-custom-width wp-block-button__width-75 is-style-outline is-style-outline--1\"><a class=\"wp-block-button__link has-background-color has-text-color has-background has-link-color wp-element-button\" href=\"https:\/\/drive.google.com\/file\/d\/15RDxLbX-JGLyAbZk-8N5lAZbU8qYREqL\/view?usp=sharing\" style=\"border-radius:25px;background-color:#1e73be\" target=\"_blank\" rel=\"noreferrer noopener\">REGLAMENTO<\/a><\/div>\n<\/div>\n\n\n\n<figure class=\"wp-block-image size-full\"><a href=\"https:\/\/docs.google.com\/spreadsheets\/d\/1u6lsnuyvTOH9gTcDA9AiInPH7m6fvkgf\/edit?usp=sharing&amp;ouid=115345837784793343110&amp;rtpof=true&amp;sd=true\" target=\"_blank\" rel=\" noreferrer noopener\"><img loading=\"lazy\" decoding=\"async\" width=\"452\" height=\"144\" src=\"https:\/\/clasicasierracentro.com\/wp-content\/uploads\/2022\/01\/podium.jpg\" alt=\"\" class=\"wp-image-121\" srcset=\"https:\/\/clasicasierracentro.com\/wp-content\/uploads\/2022\/01\/podium.jpg 452w, https:\/\/clasicasierracentro.com\/wp-content\/uploads\/2022\/01\/podium-300x96.jpg 300w\" sizes=\"auto, (max-width: 452px) 100vw, 452px\" \/><\/a><\/figure>\n\n\n\n<div class=\"wp-block-buttons is-horizontal is-content-justification-center is-layout-flex wp-container-core-buttons-is-layout-499968f5 wp-block-buttons-is-layout-flex\">\n<div class=\"wp-block-button has-custom-width wp-block-button__width-75 is-style-outline is-style-outline--2\"><a class=\"wp-block-button__link has-background-color has-text-color has-background has-link-color wp-element-button\" href=\"https:\/\/docs.google.com\/spreadsheets\/d\/1u6lsnuyvTOH9gTcDA9AiInPH7m6fvkgf\/edit?usp=sharing&amp;ouid=115345837784793343110&amp;rtpof=true&amp;sd=true\" style=\"border-radius:25px;background-color:#1e73be\" target=\"_blank\" rel=\"noreferrer noopener\"><mark style=\"background-color:rgba(0, 0, 0, 0)\" class=\"has-inline-color has-background-color\"><strong>clasificaciones<\/strong><\/mark><\/a><\/div>\n<\/div>\n<\/div><\/div>\n<\/div>\n\n\n\n<div class=\"wp-block-column is-layout-flow wp-block-column-is-layout-flow\">\n<div class=\"wp-block-group has-background\" style=\"background-color:#ffffff\"><div class=\"wp-block-group__inner-container is-layout-flow wp-block-group-is-layout-flow\">\n<h2 class=\"wp-block-heading has-text-align-center\">Pruebas<\/h2>\n\n\n\n<figure class=\"wp-block-image size-full is-style-default\"><a href=\"https:\/\/clasicasierracentro.com\/\" target=\"_blank\" rel=\" noreferrer noopener\"><img loading=\"lazy\" decoding=\"async\" width=\"2560\" height=\"1707\" src=\"https:\/\/clasicasierracentro.com\/wp-content\/uploads\/2025\/03\/FOTO-CARTEL-CSC-25-21-scaled.jpg\" alt=\"\" class=\"wp-image-1678\" style=\"object-fit:cover\" srcset=\"https:\/\/clasicasierracentro.com\/wp-content\/uploads\/2025\/03\/FOTO-CARTEL-CSC-25-21-scaled.jpg 2560w, https:\/\/clasicasierracentro.com\/wp-content\/uploads\/2025\/03\/FOTO-CARTEL-CSC-25-21-300x200.jpg 300w, https:\/\/clasicasierracentro.com\/wp-content\/uploads\/2025\/03\/FOTO-CARTEL-CSC-25-21-1024x683.jpg 1024w, https:\/\/clasicasierracentro.com\/wp-content\/uploads\/2025\/03\/FOTO-CARTEL-CSC-25-21-768x512.jpg 768w, https:\/\/clasicasierracentro.com\/wp-content\/uploads\/2025\/03\/FOTO-CARTEL-CSC-25-21-1536x1024.jpg 1536w, https:\/\/clasicasierracentro.com\/wp-content\/uploads\/2025\/03\/FOTO-CARTEL-CSC-25-21-2048x1365.jpg 2048w, https:\/\/clasicasierracentro.com\/wp-content\/uploads\/2025\/03\/FOTO-CARTEL-CSC-25-21-1200x800.jpg 1200w, https:\/\/clasicasierracentro.com\/wp-content\/uploads\/2025\/03\/FOTO-CARTEL-CSC-25-21-1980x1320.jpg 1980w\" sizes=\"auto, (max-width: 2560px) 100vw, 2560px\" \/><\/a><\/figure>\n\n\n\n<figure class=\"wp-block-image size-full is-style-default\"><a href=\"https:\/\/clasicasierracentro.com\/\" target=\"_blank\" rel=\" noreferrer noopener\"><img loading=\"lazy\" decoding=\"async\" width=\"2560\" height=\"1707\" src=\"https:\/\/clasicasierracentro.com\/wp-content\/uploads\/2025\/01\/FOTO-CARTEL-CSC-MINI-25-2-1-scaled.jpg\" alt=\"\" class=\"wp-image-1633\" style=\"object-fit:cover\" srcset=\"https:\/\/clasicasierracentro.com\/wp-content\/uploads\/2025\/01\/FOTO-CARTEL-CSC-MINI-25-2-1-scaled.jpg 2560w, https:\/\/clasicasierracentro.com\/wp-content\/uploads\/2025\/01\/FOTO-CARTEL-CSC-MINI-25-2-1-300x200.jpg 300w, https:\/\/clasicasierracentro.com\/wp-content\/uploads\/2025\/01\/FOTO-CARTEL-CSC-MINI-25-2-1-1024x683.jpg 1024w, https:\/\/clasicasierracentro.com\/wp-content\/uploads\/2025\/01\/FOTO-CARTEL-CSC-MINI-25-2-1-768x512.jpg 768w, https:\/\/clasicasierracentro.com\/wp-content\/uploads\/2025\/01\/FOTO-CARTEL-CSC-MINI-25-2-1-1536x1024.jpg 1536w, https:\/\/clasicasierracentro.com\/wp-content\/uploads\/2025\/01\/FOTO-CARTEL-CSC-MINI-25-2-1-2048x1365.jpg 2048w, https:\/\/clasicasierracentro.com\/wp-content\/uploads\/2025\/01\/FOTO-CARTEL-CSC-MINI-25-2-1-1200x800.jpg 1200w, https:\/\/clasicasierracentro.com\/wp-content\/uploads\/2025\/01\/FOTO-CARTEL-CSC-MINI-25-2-1-1980x1320.jpg 1980w\" sizes=\"auto, (max-width: 2560px) 100vw, 2560px\" \/><\/a><\/figure>\n\n\n\n<figure class=\"wp-block-image size-full is-style-default\"><img loading=\"lazy\" decoding=\"async\" width=\"2560\" height=\"1707\" src=\"https:\/\/clasicasierracentro.com\/wp-content\/uploads\/2025\/01\/IMG_8739-scaled.jpg\" alt=\"\" class=\"wp-image-1557\" style=\"object-fit:cover\" srcset=\"https:\/\/clasicasierracentro.com\/wp-content\/uploads\/2025\/01\/IMG_8739-scaled.jpg 2560w, https:\/\/clasicasierracentro.com\/wp-content\/uploads\/2025\/01\/IMG_8739-300x200.jpg 300w, https:\/\/clasicasierracentro.com\/wp-content\/uploads\/2025\/01\/IMG_8739-1024x683.jpg 1024w, https:\/\/clasicasierracentro.com\/wp-content\/uploads\/2025\/01\/IMG_8739-768x512.jpg 768w, https:\/\/clasicasierracentro.com\/wp-content\/uploads\/2025\/01\/IMG_8739-1536x1024.jpg 1536w, https:\/\/clasicasierracentro.com\/wp-content\/uploads\/2025\/01\/IMG_8739-2048x1365.jpg 2048w, https:\/\/clasicasierracentro.com\/wp-content\/uploads\/2025\/01\/IMG_8739-1200x800.jpg 1200w, https:\/\/clasicasierracentro.com\/wp-content\/uploads\/2025\/01\/IMG_8739-1980x1320.jpg 1980w\" sizes=\"auto, (max-width: 2560px) 100vw, 2560px\" \/><\/figure>\n<\/div><\/div>\n<\/div>\n<\/div>\n","protected":false},"excerpt":{"rendered":"<p>Pruebas<\/p>\n","protected":false},"author":1,"featured_media":0,"parent":0,"menu_order":0,"comment_status":"closed","ping_status":"closed","template":"","meta":{"om_disable_all_campaigns":false,"_monsterinsights_skip_tracking":false,"_monsterinsights_sitenote_active":false,"_monsterinsights_sitenote_note":"","_monsterinsights_sitenote_category":0,"footnotes":""},"class_list":["post-1551","page","type-page","status-publish","hentry"],"yoast_head":"<!-- This site is optimized with the Yoast SEO plugin v27.4 - https:\/\/yoast.com\/product\/yoast-seo-wordpress\/ -->\n<title>I  Desaf\u00edo              Cl\u00e1sicos Sierra Centro 2025 | CL\u00c1SICA SIERRA CENTRO<\/title>\n<meta name=\"robots\" content=\"index, follow, max-snippet:-1, max-image-preview:large, max-video-preview:-1\" \/>\n<link rel=\"canonical\" href=\"https:\/\/clasicasierracentro.com\/?page_id=1551\" \/>\n<meta property=\"og:locale\" content=\"es_ES\" \/>\n<meta property=\"og:type\" content=\"article\" \/>\n<meta property=\"og:title\" content=\"I  Desaf\u00edo              Cl\u00e1sicos Sierra Centro 2025 | CL\u00c1SICA SIERRA CENTRO\" \/>\n<meta property=\"og:description\" content=\"Pruebas\" \/>\n<meta property=\"og:url\" content=\"https:\/\/clasicasierracentro.com\/?page_id=1551\" \/>\n<meta property=\"og:site_name\" content=\"CL\u00c1SICA SIERRA CENTRO\" \/>\n<meta property=\"article:modified_time\" content=\"2026-01-15T18:52:24+00:00\" \/>\n<meta name=\"twitter:card\" content=\"summary_large_image\" \/>\n<meta name=\"twitter:label1\" content=\"Tiempo de lectura\" \/>\n\t<meta name=\"twitter:data1\" content=\"1 minuto\" \/>\n<script type=\"application\/ld+json\" class=\"yoast-schema-graph\">{\"@context\":\"https:\\\/\\\/schema.org\",\"@graph\":[{\"@type\":\"WebPage\",\"@id\":\"https:\\\/\\\/clasicasierracentro.com\\\/?page_id=1551\",\"url\":\"https:\\\/\\\/clasicasierracentro.com\\\/?page_id=1551\",\"name\":\"I Desaf\u00edo Cl\u00e1sicos Sierra Centro 2025 | CL\u00c1SICA SIERRA CENTRO\",\"isPartOf\":{\"@id\":\"https:\\\/\\\/clasicasierracentro.com\\\/#website\"},\"primaryImageOfPage\":{\"@id\":\"https:\\\/\\\/clasicasierracentro.com\\\/?page_id=1551#primaryimage\"},\"image\":{\"@id\":\"https:\\\/\\\/clasicasierracentro.com\\\/?page_id=1551#primaryimage\"},\"thumbnailUrl\":\"http:\\\/\\\/clasicasierracentro.com\\\/wp-content\\\/uploads\\\/2025\\\/01\\\/Logo-desafio.png\",\"datePublished\":\"2025-01-27T10:39:35+00:00\",\"dateModified\":\"2026-01-15T18:52:24+00:00\",\"breadcrumb\":{\"@id\":\"https:\\\/\\\/clasicasierracentro.com\\\/?page_id=1551#breadcrumb\"},\"inLanguage\":\"es\",\"potentialAction\":[{\"@type\":\"ReadAction\",\"target\":[\"https:\\\/\\\/clasicasierracentro.com\\\/?page_id=1551\"]}]},{\"@type\":\"ImageObject\",\"inLanguage\":\"es\",\"@id\":\"https:\\\/\\\/clasicasierracentro.com\\\/?page_id=1551#primaryimage\",\"url\":\"\",\"contentUrl\":\"\"},{\"@type\":\"BreadcrumbList\",\"@id\":\"https:\\\/\\\/clasicasierracentro.com\\\/?page_id=1551#breadcrumb\",\"itemListElement\":[{\"@type\":\"ListItem\",\"position\":1,\"name\":\"Portada\",\"item\":\"https:\\\/\\\/clasicasierracentro.com\\\/\"},{\"@type\":\"ListItem\",\"position\":2,\"name\":\"I Desaf\u00edo Cl\u00e1sicos Sierra Centro 2025\"}]},{\"@type\":\"WebSite\",\"@id\":\"https:\\\/\\\/clasicasierracentro.com\\\/#website\",\"url\":\"https:\\\/\\\/clasicasierracentro.com\\\/\",\"name\":\"CL\u00c1SICA SIERRA CENTRO\",\"description\":\"CL\u00c1SICA SIERRA CENTRO\",\"publisher\":{\"@id\":\"https:\\\/\\\/clasicasierracentro.com\\\/#\\\/schema\\\/person\\\/0dbe694ae3855c65b8c501f1728ad93a\"},\"potentialAction\":[{\"@type\":\"SearchAction\",\"target\":{\"@type\":\"EntryPoint\",\"urlTemplate\":\"https:\\\/\\\/clasicasierracentro.com\\\/?s={search_term_string}\"},\"query-input\":{\"@type\":\"PropertyValueSpecification\",\"valueRequired\":true,\"valueName\":\"search_term_string\"}}],\"inLanguage\":\"es\"},{\"@type\":[\"Person\",\"Organization\"],\"@id\":\"https:\\\/\\\/clasicasierracentro.com\\\/#\\\/schema\\\/person\\\/0dbe694ae3855c65b8c501f1728ad93a\",\"name\":\"Cl\u00e1sica Sierra Centro\",\"image\":{\"@type\":\"ImageObject\",\"inLanguage\":\"es\",\"@id\":\"https:\\\/\\\/clasicasierracentro.com\\\/wp-content\\\/uploads\\\/2025\\\/12\\\/cropped-Placa-XI-Clasica-Sierra-Centro-2026.png\",\"url\":\"https:\\\/\\\/clasicasierracentro.com\\\/wp-content\\\/uploads\\\/2025\\\/12\\\/cropped-Placa-XI-Clasica-Sierra-Centro-2026.png\",\"contentUrl\":\"https:\\\/\\\/clasicasierracentro.com\\\/wp-content\\\/uploads\\\/2025\\\/12\\\/cropped-Placa-XI-Clasica-Sierra-Centro-2026.png\",\"width\":613,\"height\":460,\"caption\":\"Cl\u00e1sica Sierra Centro\"},\"logo\":{\"@id\":\"https:\\\/\\\/clasicasierracentro.com\\\/wp-content\\\/uploads\\\/2025\\\/12\\\/cropped-Placa-XI-Clasica-Sierra-Centro-2026.png\"},\"sameAs\":[\"http:\\\/\\\/clasicasierracentro.com\"]}]}<\/script>\n<!-- \/ Yoast SEO plugin. -->","yoast_head_json":{"title":"I  Desaf\u00edo              Cl\u00e1sicos Sierra Centro 2025 | CL\u00c1SICA SIERRA CENTRO","robots":{"index":"index","follow":"follow","max-snippet":"max-snippet:-1","max-image-preview":"max-image-preview:large","max-video-preview":"max-video-preview:-1"},"canonical":"https:\/\/clasicasierracentro.com\/?page_id=1551","og_locale":"es_ES","og_type":"article","og_title":"I  Desaf\u00edo              Cl\u00e1sicos Sierra Centro 2025 | CL\u00c1SICA SIERRA CENTRO","og_description":"Pruebas","og_url":"https:\/\/clasicasierracentro.com\/?page_id=1551","og_site_name":"CL\u00c1SICA SIERRA CENTRO","article_modified_time":"2026-01-15T18:52:24+00:00","twitter_card":"summary_large_image","twitter_misc":{"Tiempo de lectura":"1 minuto"},"schema":{"@context":"https:\/\/schema.org","@graph":[{"@type":"WebPage","@id":"https:\/\/clasicasierracentro.com\/?page_id=1551","url":"https:\/\/clasicasierracentro.com\/?page_id=1551","name":"I Desaf\u00edo Cl\u00e1sicos Sierra Centro 2025 | CL\u00c1SICA SIERRA CENTRO","isPartOf":{"@id":"https:\/\/clasicasierracentro.com\/#website"},"primaryImageOfPage":{"@id":"https:\/\/clasicasierracentro.com\/?page_id=1551#primaryimage"},"image":{"@id":"https:\/\/clasicasierracentro.com\/?page_id=1551#primaryimage"},"thumbnailUrl":"http:\/\/clasicasierracentro.com\/wp-content\/uploads\/2025\/01\/Logo-desafio.png","datePublished":"2025-01-27T10:39:35+00:00","dateModified":"2026-01-15T18:52:24+00:00","breadcrumb":{"@id":"https:\/\/clasicasierracentro.com\/?page_id=1551#breadcrumb"},"inLanguage":"es","potentialAction":[{"@type":"ReadAction","target":["https:\/\/clasicasierracentro.com\/?page_id=1551"]}]},{"@type":"ImageObject","inLanguage":"es","@id":"https:\/\/clasicasierracentro.com\/?page_id=1551#primaryimage","url":"","contentUrl":""},{"@type":"BreadcrumbList","@id":"https:\/\/clasicasierracentro.com\/?page_id=1551#breadcrumb","itemListElement":[{"@type":"ListItem","position":1,"name":"Portada","item":"https:\/\/clasicasierracentro.com\/"},{"@type":"ListItem","position":2,"name":"I Desaf\u00edo Cl\u00e1sicos Sierra Centro 2025"}]},{"@type":"WebSite","@id":"https:\/\/clasicasierracentro.com\/#website","url":"https:\/\/clasicasierracentro.com\/","name":"CL\u00c1SICA SIERRA CENTRO","description":"CL\u00c1SICA SIERRA CENTRO","publisher":{"@id":"https:\/\/clasicasierracentro.com\/#\/schema\/person\/0dbe694ae3855c65b8c501f1728ad93a"},"potentialAction":[{"@type":"SearchAction","target":{"@type":"EntryPoint","urlTemplate":"https:\/\/clasicasierracentro.com\/?s={search_term_string}"},"query-input":{"@type":"PropertyValueSpecification","valueRequired":true,"valueName":"search_term_string"}}],"inLanguage":"es"},{"@type":["Person","Organization"],"@id":"https:\/\/clasicasierracentro.com\/#\/schema\/person\/0dbe694ae3855c65b8c501f1728ad93a","name":"Cl\u00e1sica Sierra Centro","image":{"@type":"ImageObject","inLanguage":"es","@id":"https:\/\/clasicasierracentro.com\/wp-content\/uploads\/2025\/12\/cropped-Placa-XI-Clasica-Sierra-Centro-2026.png","url":"https:\/\/clasicasierracentro.com\/wp-content\/uploads\/2025\/12\/cropped-Placa-XI-Clasica-Sierra-Centro-2026.png","contentUrl":"https:\/\/clasicasierracentro.com\/wp-content\/uploads\/2025\/12\/cropped-Placa-XI-Clasica-Sierra-Centro-2026.png","width":613,"height":460,"caption":"Cl\u00e1sica Sierra Centro"},"logo":{"@id":"https:\/\/clasicasierracentro.com\/wp-content\/uploads\/2025\/12\/cropped-Placa-XI-Clasica-Sierra-Centro-2026.png"},"sameAs":["http:\/\/clasicasierracentro.com"]}]}},"_links":{"self":[{"href":"https:\/\/clasicasierracentro.com\/index.php?rest_route=\/wp\/v2\/pages\/1551","targetHints":{"allow":["GET"]}}],"collection":[{"href":"https:\/\/clasicasierracentro.com\/index.php?rest_route=\/wp\/v2\/pages"}],"about":[{"href":"https:\/\/clasicasierracentro.com\/index.php?rest_route=\/wp\/v2\/types\/page"}],"author":[{"embeddable":true,"href":"https:\/\/clasicasierracentro.com\/index.php?rest_route=\/wp\/v2\/users\/1"}],"replies":[{"embeddable":true,"href":"https:\/\/clasicasierracentro.com\/index.php?rest_route=%2Fwp%2Fv2%2Fcomments&post=1551"}],"version-history":[{"count":26,"href":"https:\/\/clasicasierracentro.com\/index.php?rest_route=\/wp\/v2\/pages\/1551\/revisions"}],"predecessor-version":[{"id":1959,"href":"https:\/\/clasicasierracentro.com\/index.php?rest_route=\/wp\/v2\/pages\/1551\/revisions\/1959"}],"wp:attachment":[{"href":"https:\/\/clasicasierracentro.com\/index.php?rest_route=%2Fwp%2Fv2%2Fmedia&parent=1551"}],"curies":[{"name":"wp","href":"https:\/\/api.w.org\/{rel}","templated":true}]}}