{"id":1939,"date":"2025-12-21T16:30:58","date_gmt":"2025-12-21T15:30:58","guid":{"rendered":"https:\/\/clasicasierracentro.com\/?page_id=1939"},"modified":"2025-12-21T16:30:59","modified_gmt":"2025-12-21T15:30:59","slug":"iii-clasica-sierra-centromini","status":"publish","type":"page","link":"https:\/\/clasicasierracentro.com\/?page_id=1939","title":{"rendered":"III Cl\u00e1sica Sierra Centro\u00bbMini\u00bb"},"content":{"rendered":"\n\n\n<figure class=\"wp-block-image size-full\"><img loading=\"lazy\" decoding=\"async\" width=\"900\" height=\"460\" src=\"https:\/\/clasicasierracentro.com\/wp-content\/uploads\/2025\/12\/Placa-III-Clasica-Sierra-Centro-Mini-2026.png\" alt=\"\" class=\"wp-image-1911\" srcset=\"https:\/\/clasicasierracentro.com\/wp-content\/uploads\/2025\/12\/Placa-III-Clasica-Sierra-Centro-Mini-2026.png 900w, https:\/\/clasicasierracentro.com\/wp-content\/uploads\/2025\/12\/Placa-III-Clasica-Sierra-Centro-Mini-2026-300x153.png 300w, https:\/\/clasicasierracentro.com\/wp-content\/uploads\/2025\/12\/Placa-III-Clasica-Sierra-Centro-Mini-2026-768x393.png 768w\" sizes=\"auto, (max-width: 900px) 100vw, 900px\" \/><\/figure>\n\n\n\n<p class=\"has-text-align-center has-background-color has-accent-background-color has-text-color has-background has-link-color wp-elements-4dca94574226ddc2dcd75c98eb63ec6a\" style=\"font-size:28px;font-style:italic;font-weight:700\">La III edici\u00f3n de la Cl\u00e1sica Sierra Centro \u00abMini\u00bb tendr\u00e1 lugar el s\u00e1bado 19 de septiembre de 2026.<\/p>\n\n\n\n<p class=\"has-text-align-center has-background-color has-accent-background-color has-text-color has-background has-link-color wp-elements-4ad7c3810ef0a859773fa61a3220277d\" style=\"font-size:28px;font-style:italic;font-weight:700\">Un m\u00e1ximo de 80 equipos participantes tendr\u00e1n que recorrer los casi 250 km aproximados con los que contar\u00e1 esta edici\u00f3n.<\/p>\n\n\n\n<div class=\"wp-block-columns is-layout-flex wp-container-core-columns-is-layout-9d6595d7 wp-block-columns-is-layout-flex\">\n<div class=\"wp-block-column is-vertically-aligned-top has-normal-font-size is-layout-flow wp-block-column-is-layout-flow\">\n<div class=\"wp-block-buttons has-custom-font-size has-normal-font-size is-vertical is-layout-flex wp-container-core-buttons-is-layout-8cf370e7 wp-block-buttons-is-layout-flex\">\n<div class=\"wp-block-button alignright is-style-outline is-style-outline--14\"><a class=\"wp-block-button__link has-background-color has-text-color has-background has-custom-font-size wp-element-button\" style=\"border-radius:25px;background-color:#160ace;font-size:15px\">PROGRAMA HORARIO (PR\u00d3XIMAMENTE)<\/a><\/div>\n\n\n\n<div class=\"wp-block-button alignright is-style-outline is-style-outline--15\"><a class=\"wp-block-button__link has-background-color has-text-color has-background has-custom-font-size wp-element-button\" style=\"border-radius:25px;background-color:#160ace;font-size:15px\">REGLAMENTO (PR\u00d3XIMAMENTE)<\/a><\/div>\n\n\n\n<div class=\"wp-block-button alignright is-style-outline is-style-outline--16\"><a class=\"wp-block-button__link has-background-color has-text-color has-background has-custom-font-size wp-element-button\" style=\"border-radius:25px;background-color:#160ace;font-size:15px\">INSCRIPCI\u00d3N (PR\u00d3XIMAMENTE)<\/a><\/div>\n\n\n\n<div class=\"wp-block-button alignright is-style-outline is-style-outline--17\"><a class=\"wp-block-button__link has-background-color has-text-color has-background has-custom-font-size wp-element-button\" style=\"border-radius:25px;background-color:#160ace;font-size:15px\">INSCRIPCI\u00d3N PDF (PR\u00d3XIMAMENTE)<\/a><\/div>\n\n\n\n<div class=\"wp-block-button alignright is-style-outline is-style-outline--18\"><a class=\"wp-block-button__link has-background-color has-text-color has-background has-custom-font-size wp-element-button\" style=\"border-radius:25px;background-color:#160ace;font-size:15px\">AUTORIZACI\u00d3N MENORES (PR\u00d3XIMAMENTE)<\/a><\/div>\n<\/div>\n<\/div>\n\n\n\n<div class=\"wp-block-column is-vertically-aligned-top has-normal-font-size is-layout-flow wp-block-column-is-layout-flow\">\n<div class=\"wp-block-buttons has-custom-font-size has-normal-font-size is-vertical is-layout-flex wp-container-core-buttons-is-layout-8cf370e7 wp-block-buttons-is-layout-flex\">\n<div class=\"wp-block-button alignright is-style-outline is-style-outline--19\"><a class=\"wp-block-button__link has-background-color has-text-color has-background has-custom-font-size wp-element-button\" style=\"border-radius:25px;background-color:#160ace;font-size:15px\">LISTA DE INSCRITOS (PR\u00d3XIMAMENTE)<\/a><\/div>\n\n\n\n<div class=\"wp-block-button alignright is-style-outline is-style-outline--20\"><a class=\"wp-block-button__link has-background-color has-text-color has-background has-custom-font-size wp-element-button\" style=\"border-radius:25px;background-color:#160ace;font-size:15px\">DORSALES (PR\u00d3XIMAMENTE)<\/a><\/div>\n\n\n\n<div class=\"wp-block-button alignright is-style-outline is-style-outline--21\"><a class=\"wp-block-button__link has-background-color has-text-color has-background has-custom-font-size wp-element-button\" style=\"border-radius:25px;background-color:#160ace;font-size:15px\">TRAMO DE CALIBRACI\u00d3N (PR\u00d3XIMAMENTE)<\/a><\/div>\n\n\n\n<div class=\"wp-block-button alignright is-style-outline is-style-outline--22\"><a class=\"wp-block-button__link has-background-color has-text-color has-background has-custom-font-size wp-element-button\" style=\"border-radius:25px;background-color:#160ace;font-size:15px\">RALLY ONLINE (PR\u00d3XIMAMENTE)<\/a><\/div>\n\n\n\n<div class=\"wp-block-button alignright is-style-outline is-style-outline--23\"><a class=\"wp-block-button__link has-background-color has-text-color has-background has-custom-font-size wp-element-button\" style=\"border-radius:25px;background-color:#160ace;font-size:15px\">RALLY EN DIRECTO (PR\u00d3XIMAMENTE)<\/a><\/div>\n<\/div>\n<\/div>\n<\/div>\n","protected":false},"excerpt":{"rendered":"<p>Clasificaci\u00f3n 1\u00ba- Ignacio Glez. de Uriarte \u2013 Jos\u00e9 M\u00aa Glez. de Uriarte 2\u00ba- Julio Enrique Mart\u00edn \u2013 Blanca Pastor 3\u00ba- Alejandro Gimena \u2013 Beatriz L\u00f3pez Fotograf\u00edas La III edici\u00f3n de la Cl\u00e1sica Sierra Centro \u00abMini\u00bb tendr\u00e1 lugar el s\u00e1bado 19 de septiembre de 2026. Un m\u00e1ximo de 80 equipos participantes tendr\u00e1n que recorrer los casi [&hellip;]<\/p>\n","protected":false},"author":1,"featured_media":0,"parent":0,"menu_order":0,"comment_status":"closed","ping_status":"closed","template":"","meta":{"om_disable_all_campaigns":false,"_monsterinsights_skip_tracking":false,"_monsterinsights_sitenote_active":false,"_monsterinsights_sitenote_note":"","_monsterinsights_sitenote_category":0,"footnotes":""},"class_list":["post-1939","page","type-page","status-publish","hentry"],"yoast_head":"<!-- This site is optimized with the Yoast SEO plugin v27.4 - https:\/\/yoast.com\/product\/yoast-seo-wordpress\/ -->\n<title>III Cl\u00e1sica Sierra Centro&quot;Mini&quot; | CL\u00c1SICA SIERRA CENTRO<\/title>\n<meta name=\"robots\" content=\"index, follow, max-snippet:-1, max-image-preview:large, max-video-preview:-1\" \/>\n<link rel=\"canonical\" href=\"https:\/\/clasicasierracentro.com\/?page_id=1939\" \/>\n<meta property=\"og:locale\" content=\"es_ES\" \/>\n<meta property=\"og:type\" content=\"article\" \/>\n<meta property=\"og:title\" content=\"III Cl\u00e1sica Sierra Centro&quot;Mini&quot; | CL\u00c1SICA SIERRA CENTRO\" \/>\n<meta property=\"og:description\" content=\"Clasificaci\u00f3n 1\u00ba- Ignacio Glez. de Uriarte \u2013 Jos\u00e9 M\u00aa Glez. de Uriarte 2\u00ba- Julio Enrique Mart\u00edn \u2013 Blanca Pastor 3\u00ba- Alejandro Gimena \u2013 Beatriz L\u00f3pez Fotograf\u00edas La III edici\u00f3n de la Cl\u00e1sica Sierra Centro \u00abMini\u00bb tendr\u00e1 lugar el s\u00e1bado 19 de septiembre de 2026. Un m\u00e1ximo de 80 equipos participantes tendr\u00e1n que recorrer los casi [&hellip;]\" \/>\n<meta property=\"og:url\" content=\"https:\/\/clasicasierracentro.com\/?page_id=1939\" \/>\n<meta property=\"og:site_name\" content=\"CL\u00c1SICA SIERRA CENTRO\" \/>\n<meta property=\"article:modified_time\" content=\"2025-12-21T15:30:59+00:00\" \/>\n<meta property=\"og:image\" content=\"http:\/\/clasicasierracentro.com\/wp-content\/uploads\/2022\/01\/podium.jpg\" \/>\n<meta name=\"twitter:card\" content=\"summary_large_image\" \/>\n<meta name=\"twitter:label1\" content=\"Tiempo de lectura\" \/>\n\t<meta name=\"twitter:data1\" content=\"1 minuto\" \/>\n<script type=\"application\/ld+json\" class=\"yoast-schema-graph\">{\"@context\":\"https:\\\/\\\/schema.org\",\"@graph\":[{\"@type\":\"WebPage\",\"@id\":\"https:\\\/\\\/clasicasierracentro.com\\\/?page_id=1939\",\"url\":\"https:\\\/\\\/clasicasierracentro.com\\\/?page_id=1939\",\"name\":\"III Cl\u00e1sica Sierra Centro\\\"Mini\\\" | CL\u00c1SICA SIERRA CENTRO\",\"isPartOf\":{\"@id\":\"https:\\\/\\\/clasicasierracentro.com\\\/#website\"},\"primaryImageOfPage\":{\"@id\":\"https:\\\/\\\/clasicasierracentro.com\\\/?page_id=1939#primaryimage\"},\"image\":{\"@id\":\"https:\\\/\\\/clasicasierracentro.com\\\/?page_id=1939#primaryimage\"},\"thumbnailUrl\":\"http:\\\/\\\/clasicasierracentro.com\\\/wp-content\\\/uploads\\\/2022\\\/01\\\/podium.jpg\",\"datePublished\":\"2025-12-21T15:30:58+00:00\",\"dateModified\":\"2025-12-21T15:30:59+00:00\",\"breadcrumb\":{\"@id\":\"https:\\\/\\\/clasicasierracentro.com\\\/?page_id=1939#breadcrumb\"},\"inLanguage\":\"es\",\"potentialAction\":[{\"@type\":\"ReadAction\",\"target\":[\"https:\\\/\\\/clasicasierracentro.com\\\/?page_id=1939\"]}]},{\"@type\":\"ImageObject\",\"inLanguage\":\"es\",\"@id\":\"https:\\\/\\\/clasicasierracentro.com\\\/?page_id=1939#primaryimage\",\"url\":\"http:\\\/\\\/clasicasierracentro.com\\\/wp-content\\\/uploads\\\/2022\\\/01\\\/podium.jpg\",\"contentUrl\":\"http:\\\/\\\/clasicasierracentro.com\\\/wp-content\\\/uploads\\\/2022\\\/01\\\/podium.jpg\"},{\"@type\":\"BreadcrumbList\",\"@id\":\"https:\\\/\\\/clasicasierracentro.com\\\/?page_id=1939#breadcrumb\",\"itemListElement\":[{\"@type\":\"ListItem\",\"position\":1,\"name\":\"Portada\",\"item\":\"https:\\\/\\\/clasicasierracentro.com\\\/\"},{\"@type\":\"ListItem\",\"position\":2,\"name\":\"III Cl\u00e1sica Sierra Centro\u00bbMini\u00bb\"}]},{\"@type\":\"WebSite\",\"@id\":\"https:\\\/\\\/clasicasierracentro.com\\\/#website\",\"url\":\"https:\\\/\\\/clasicasierracentro.com\\\/\",\"name\":\"CL\u00c1SICA SIERRA CENTRO\",\"description\":\"CL\u00c1SICA SIERRA CENTRO\",\"publisher\":{\"@id\":\"https:\\\/\\\/clasicasierracentro.com\\\/#\\\/schema\\\/person\\\/0dbe694ae3855c65b8c501f1728ad93a\"},\"potentialAction\":[{\"@type\":\"SearchAction\",\"target\":{\"@type\":\"EntryPoint\",\"urlTemplate\":\"https:\\\/\\\/clasicasierracentro.com\\\/?s={search_term_string}\"},\"query-input\":{\"@type\":\"PropertyValueSpecification\",\"valueRequired\":true,\"valueName\":\"search_term_string\"}}],\"inLanguage\":\"es\"},{\"@type\":[\"Person\",\"Organization\"],\"@id\":\"https:\\\/\\\/clasicasierracentro.com\\\/#\\\/schema\\\/person\\\/0dbe694ae3855c65b8c501f1728ad93a\",\"name\":\"Cl\u00e1sica Sierra Centro\",\"image\":{\"@type\":\"ImageObject\",\"inLanguage\":\"es\",\"@id\":\"https:\\\/\\\/clasicasierracentro.com\\\/wp-content\\\/uploads\\\/2025\\\/12\\\/cropped-Placa-XI-Clasica-Sierra-Centro-2026.png\",\"url\":\"https:\\\/\\\/clasicasierracentro.com\\\/wp-content\\\/uploads\\\/2025\\\/12\\\/cropped-Placa-XI-Clasica-Sierra-Centro-2026.png\",\"contentUrl\":\"https:\\\/\\\/clasicasierracentro.com\\\/wp-content\\\/uploads\\\/2025\\\/12\\\/cropped-Placa-XI-Clasica-Sierra-Centro-2026.png\",\"width\":613,\"height\":460,\"caption\":\"Cl\u00e1sica Sierra Centro\"},\"logo\":{\"@id\":\"https:\\\/\\\/clasicasierracentro.com\\\/wp-content\\\/uploads\\\/2025\\\/12\\\/cropped-Placa-XI-Clasica-Sierra-Centro-2026.png\"},\"sameAs\":[\"http:\\\/\\\/clasicasierracentro.com\"]}]}<\/script>\n<!-- \/ Yoast SEO plugin. -->","yoast_head_json":{"title":"III Cl\u00e1sica Sierra Centro\"Mini\" | CL\u00c1SICA SIERRA CENTRO","robots":{"index":"index","follow":"follow","max-snippet":"max-snippet:-1","max-image-preview":"max-image-preview:large","max-video-preview":"max-video-preview:-1"},"canonical":"https:\/\/clasicasierracentro.com\/?page_id=1939","og_locale":"es_ES","og_type":"article","og_title":"III Cl\u00e1sica Sierra Centro\"Mini\" | CL\u00c1SICA SIERRA CENTRO","og_description":"Clasificaci\u00f3n 1\u00ba- Ignacio Glez. de Uriarte \u2013 Jos\u00e9 M\u00aa Glez. de Uriarte 2\u00ba- Julio Enrique Mart\u00edn \u2013 Blanca Pastor 3\u00ba- Alejandro Gimena \u2013 Beatriz L\u00f3pez Fotograf\u00edas La III edici\u00f3n de la Cl\u00e1sica Sierra Centro \u00abMini\u00bb tendr\u00e1 lugar el s\u00e1bado 19 de septiembre de 2026. Un m\u00e1ximo de 80 equipos participantes tendr\u00e1n que recorrer los casi [&hellip;]","og_url":"https:\/\/clasicasierracentro.com\/?page_id=1939","og_site_name":"CL\u00c1SICA SIERRA CENTRO","article_modified_time":"2025-12-21T15:30:59+00:00","og_image":[{"url":"http:\/\/clasicasierracentro.com\/wp-content\/uploads\/2022\/01\/podium.jpg","type":"","width":"","height":""}],"twitter_card":"summary_large_image","twitter_misc":{"Tiempo de lectura":"1 minuto"},"schema":{"@context":"https:\/\/schema.org","@graph":[{"@type":"WebPage","@id":"https:\/\/clasicasierracentro.com\/?page_id=1939","url":"https:\/\/clasicasierracentro.com\/?page_id=1939","name":"III Cl\u00e1sica Sierra Centro\"Mini\" | CL\u00c1SICA SIERRA CENTRO","isPartOf":{"@id":"https:\/\/clasicasierracentro.com\/#website"},"primaryImageOfPage":{"@id":"https:\/\/clasicasierracentro.com\/?page_id=1939#primaryimage"},"image":{"@id":"https:\/\/clasicasierracentro.com\/?page_id=1939#primaryimage"},"thumbnailUrl":"http:\/\/clasicasierracentro.com\/wp-content\/uploads\/2022\/01\/podium.jpg","datePublished":"2025-12-21T15:30:58+00:00","dateModified":"2025-12-21T15:30:59+00:00","breadcrumb":{"@id":"https:\/\/clasicasierracentro.com\/?page_id=1939#breadcrumb"},"inLanguage":"es","potentialAction":[{"@type":"ReadAction","target":["https:\/\/clasicasierracentro.com\/?page_id=1939"]}]},{"@type":"ImageObject","inLanguage":"es","@id":"https:\/\/clasicasierracentro.com\/?page_id=1939#primaryimage","url":"http:\/\/clasicasierracentro.com\/wp-content\/uploads\/2022\/01\/podium.jpg","contentUrl":"http:\/\/clasicasierracentro.com\/wp-content\/uploads\/2022\/01\/podium.jpg"},{"@type":"BreadcrumbList","@id":"https:\/\/clasicasierracentro.com\/?page_id=1939#breadcrumb","itemListElement":[{"@type":"ListItem","position":1,"name":"Portada","item":"https:\/\/clasicasierracentro.com\/"},{"@type":"ListItem","position":2,"name":"III Cl\u00e1sica Sierra Centro\u00bbMini\u00bb"}]},{"@type":"WebSite","@id":"https:\/\/clasicasierracentro.com\/#website","url":"https:\/\/clasicasierracentro.com\/","name":"CL\u00c1SICA SIERRA CENTRO","description":"CL\u00c1SICA SIERRA CENTRO","publisher":{"@id":"https:\/\/clasicasierracentro.com\/#\/schema\/person\/0dbe694ae3855c65b8c501f1728ad93a"},"potentialAction":[{"@type":"SearchAction","target":{"@type":"EntryPoint","urlTemplate":"https:\/\/clasicasierracentro.com\/?s={search_term_string}"},"query-input":{"@type":"PropertyValueSpecification","valueRequired":true,"valueName":"search_term_string"}}],"inLanguage":"es"},{"@type":["Person","Organization"],"@id":"https:\/\/clasicasierracentro.com\/#\/schema\/person\/0dbe694ae3855c65b8c501f1728ad93a","name":"Cl\u00e1sica Sierra Centro","image":{"@type":"ImageObject","inLanguage":"es","@id":"https:\/\/clasicasierracentro.com\/wp-content\/uploads\/2025\/12\/cropped-Placa-XI-Clasica-Sierra-Centro-2026.png","url":"https:\/\/clasicasierracentro.com\/wp-content\/uploads\/2025\/12\/cropped-Placa-XI-Clasica-Sierra-Centro-2026.png","contentUrl":"https:\/\/clasicasierracentro.com\/wp-content\/uploads\/2025\/12\/cropped-Placa-XI-Clasica-Sierra-Centro-2026.png","width":613,"height":460,"caption":"Cl\u00e1sica Sierra Centro"},"logo":{"@id":"https:\/\/clasicasierracentro.com\/wp-content\/uploads\/2025\/12\/cropped-Placa-XI-Clasica-Sierra-Centro-2026.png"},"sameAs":["http:\/\/clasicasierracentro.com"]}]}},"_links":{"self":[{"href":"https:\/\/clasicasierracentro.com\/index.php?rest_route=\/wp\/v2\/pages\/1939","targetHints":{"allow":["GET"]}}],"collection":[{"href":"https:\/\/clasicasierracentro.com\/index.php?rest_route=\/wp\/v2\/pages"}],"about":[{"href":"https:\/\/clasicasierracentro.com\/index.php?rest_route=\/wp\/v2\/types\/page"}],"author":[{"embeddable":true,"href":"https:\/\/clasicasierracentro.com\/index.php?rest_route=\/wp\/v2\/users\/1"}],"replies":[{"embeddable":true,"href":"https:\/\/clasicasierracentro.com\/index.php?rest_route=%2Fwp%2Fv2%2Fcomments&post=1939"}],"version-history":[{"count":1,"href":"https:\/\/clasicasierracentro.com\/index.php?rest_route=\/wp\/v2\/pages\/1939\/revisions"}],"predecessor-version":[{"id":1940,"href":"https:\/\/clasicasierracentro.com\/index.php?rest_route=\/wp\/v2\/pages\/1939\/revisions\/1940"}],"wp:attachment":[{"href":"https:\/\/clasicasierracentro.com\/index.php?rest_route=%2Fwp%2Fv2%2Fmedia&parent=1939"}],"curies":[{"name":"wp","href":"https:\/\/api.w.org\/{rel}","templated":true}]}}