{"id":1955,"date":"2026-01-15T19:52:04","date_gmt":"2026-01-15T18:52:04","guid":{"rendered":"https:\/\/clasicasierracentro.com\/?page_id=1955"},"modified":"2026-01-15T21:07:29","modified_gmt":"2026-01-15T20:07:29","slug":"ii-desafio-clasicos-sierra-centro-2026","status":"publish","type":"page","link":"https:\/\/clasicasierracentro.com\/?page_id=1955","title":{"rendered":"II Desaf\u00edo                           Cl\u00e1sicos Sierra Centro 2026"},"content":{"rendered":"\n<div class=\"wp-block-columns alignwide is-layout-flex wp-container-core-columns-is-layout-9d6595d7 wp-block-columns-is-layout-flex\">\n<div class=\"wp-block-column is-layout-flow wp-block-column-is-layout-flow\">\n<div class=\"wp-block-group has-background\" style=\"background-color:#ffffff\"><div class=\"wp-block-group__inner-container is-layout-flow wp-block-group-is-layout-flow\">\n<figure class=\"wp-block-image size-full\"><img loading=\"lazy\" decoding=\"async\" width=\"1920\" height=\"1920\" src=\"https:\/\/clasicasierracentro.com\/wp-content\/uploads\/2026\/01\/Logo-II-Desafio-CSC-206.png\" alt=\"\" class=\"wp-image-1956\" srcset=\"https:\/\/clasicasierracentro.com\/wp-content\/uploads\/2026\/01\/Logo-II-Desafio-CSC-206.png 1920w, https:\/\/clasicasierracentro.com\/wp-content\/uploads\/2026\/01\/Logo-II-Desafio-CSC-206-300x300.png 300w, https:\/\/clasicasierracentro.com\/wp-content\/uploads\/2026\/01\/Logo-II-Desafio-CSC-206-1024x1024.png 1024w, https:\/\/clasicasierracentro.com\/wp-content\/uploads\/2026\/01\/Logo-II-Desafio-CSC-206-150x150.png 150w, https:\/\/clasicasierracentro.com\/wp-content\/uploads\/2026\/01\/Logo-II-Desafio-CSC-206-768x768.png 768w, https:\/\/clasicasierracentro.com\/wp-content\/uploads\/2026\/01\/Logo-II-Desafio-CSC-206-1536x1536.png 1536w, https:\/\/clasicasierracentro.com\/wp-content\/uploads\/2026\/01\/Logo-II-Desafio-CSC-206-1200x1200.png 1200w\" sizes=\"auto, (max-width: 1920px) 100vw, 1920px\" \/><\/figure>\n\n\n<div class=\"wp-block-image\">\n<figure class=\"aligncenter size-full is-resized\"><a href=\"https:\/\/drive.google.com\/file\/d\/1IgukwSgfwn5oT84kDg75Qvg93zLrPALi\/view?usp=drive_link\" target=\"_blank\" rel=\" noreferrer noopener\"><img loading=\"lazy\" decoding=\"async\" width=\"335\" height=\"150\" src=\"https:\/\/clasicasierracentro.com\/wp-content\/uploads\/2025\/01\/reglamento.png\" alt=\"\" class=\"wp-image-1559\" style=\"width:419px;height:auto\" srcset=\"https:\/\/clasicasierracentro.com\/wp-content\/uploads\/2025\/01\/reglamento.png 335w, https:\/\/clasicasierracentro.com\/wp-content\/uploads\/2025\/01\/reglamento-300x134.png 300w\" sizes=\"auto, (max-width: 335px) 100vw, 335px\" \/><\/a><\/figure>\n<\/div>\n\n\n<div class=\"wp-block-buttons is-horizontal is-content-justification-center is-layout-flex wp-container-core-buttons-is-layout-499968f5 wp-block-buttons-is-layout-flex\">\n<div class=\"wp-block-button has-custom-width wp-block-button__width-75 is-style-outline is-style-outline--1\"><a class=\"wp-block-button__link has-background-color has-text-color has-background has-link-color wp-element-button\" style=\"border-radius:25px;background-color:#1e73be\">REGLAMENTO<\/a><\/div>\n<\/div>\n\n\n\n<figure class=\"wp-block-image size-full\"><a href=\"https:\/\/docs.google.com\/spreadsheets\/d\/1u6lsnuyvTOH9gTcDA9AiInPH7m6fvkgf\/edit?usp=sharing&amp;ouid=115345837784793343110&amp;rtpof=true&amp;sd=true\" target=\"_blank\" rel=\" noreferrer noopener\"><img loading=\"lazy\" decoding=\"async\" width=\"452\" height=\"144\" src=\"https:\/\/clasicasierracentro.com\/wp-content\/uploads\/2022\/01\/podium.jpg\" alt=\"\" class=\"wp-image-121\" srcset=\"https:\/\/clasicasierracentro.com\/wp-content\/uploads\/2022\/01\/podium.jpg 452w, https:\/\/clasicasierracentro.com\/wp-content\/uploads\/2022\/01\/podium-300x96.jpg 300w\" sizes=\"auto, (max-width: 452px) 100vw, 452px\" \/><\/a><\/figure>\n\n\n\n<div class=\"wp-block-buttons is-horizontal is-content-justification-center is-layout-flex wp-container-core-buttons-is-layout-499968f5 wp-block-buttons-is-layout-flex\">\n<div class=\"wp-block-button has-custom-width wp-block-button__width-75 is-style-outline is-style-outline--2\"><a class=\"wp-block-button__link has-background-color has-text-color has-background has-link-color wp-element-button\" style=\"border-radius:25px;background-color:#1e73be\"><mark style=\"background-color:rgba(0, 0, 0, 0)\" class=\"has-inline-color has-background-color\"><strong>clasificaciones<\/strong><\/mark><\/a><\/div>\n<\/div>\n<\/div><\/div>\n<\/div>\n\n\n\n<div class=\"wp-block-column is-layout-flow wp-block-column-is-layout-flow\">\n<div class=\"wp-block-group has-background\" style=\"background-color:#ffffff\"><div class=\"wp-block-group__inner-container is-layout-flow wp-block-group-is-layout-flow\">\n<h2 class=\"wp-block-heading has-text-align-center\">Pruebas<\/h2>\n\n\n\n<figure class=\"wp-block-image size-full is-style-default\"><a href=\"https:\/\/clasicasierracentro.com\/?page_id=1921\" target=\"_blank\" rel=\" noreferrer noopener\"><img loading=\"lazy\" decoding=\"async\" width=\"900\" height=\"460\" src=\"https:\/\/clasicasierracentro.com\/wp-content\/uploads\/2025\/12\/Placa-XI-Clasica-Sierra-Centro-2026.png\" alt=\"\" class=\"wp-image-1889\" style=\"object-fit:cover\" srcset=\"https:\/\/clasicasierracentro.com\/wp-content\/uploads\/2025\/12\/Placa-XI-Clasica-Sierra-Centro-2026.png 900w, https:\/\/clasicasierracentro.com\/wp-content\/uploads\/2025\/12\/Placa-XI-Clasica-Sierra-Centro-2026-300x153.png 300w, https:\/\/clasicasierracentro.com\/wp-content\/uploads\/2025\/12\/Placa-XI-Clasica-Sierra-Centro-2026-768x393.png 768w\" sizes=\"auto, (max-width: 900px) 100vw, 900px\" \/><\/a><\/figure>\n\n\n\n<figure class=\"wp-block-image size-full is-style-default\"><a href=\"https:\/\/clasicasierracentro.com\/?page_id=1939\" target=\"_blank\" rel=\" noreferrer noopener\"><img loading=\"lazy\" decoding=\"async\" width=\"900\" height=\"460\" src=\"https:\/\/clasicasierracentro.com\/wp-content\/uploads\/2025\/12\/Placa-III-Clasica-Sierra-Centro-Mini-2026.png\" alt=\"\" class=\"wp-image-1911\" style=\"object-fit:cover\" srcset=\"https:\/\/clasicasierracentro.com\/wp-content\/uploads\/2025\/12\/Placa-III-Clasica-Sierra-Centro-Mini-2026.png 900w, https:\/\/clasicasierracentro.com\/wp-content\/uploads\/2025\/12\/Placa-III-Clasica-Sierra-Centro-Mini-2026-300x153.png 300w, https:\/\/clasicasierracentro.com\/wp-content\/uploads\/2025\/12\/Placa-III-Clasica-Sierra-Centro-Mini-2026-768x393.png 768w\" sizes=\"auto, (max-width: 900px) 100vw, 900px\" \/><\/a><\/figure>\n\n\n\n<figure class=\"wp-block-image size-full is-style-default\"><img loading=\"lazy\" decoding=\"async\" width=\"2560\" height=\"1453\" src=\"https:\/\/clasicasierracentro.com\/wp-content\/uploads\/2026\/01\/PLACA-2026-scaled.png\" alt=\"\" class=\"wp-image-1957\" style=\"object-fit:cover\" srcset=\"https:\/\/clasicasierracentro.com\/wp-content\/uploads\/2026\/01\/PLACA-2026-scaled.png 2560w, https:\/\/clasicasierracentro.com\/wp-content\/uploads\/2026\/01\/PLACA-2026-300x170.png 300w, https:\/\/clasicasierracentro.com\/wp-content\/uploads\/2026\/01\/PLACA-2026-1024x581.png 1024w, https:\/\/clasicasierracentro.com\/wp-content\/uploads\/2026\/01\/PLACA-2026-768x436.png 768w, https:\/\/clasicasierracentro.com\/wp-content\/uploads\/2026\/01\/PLACA-2026-1536x872.png 1536w, https:\/\/clasicasierracentro.com\/wp-content\/uploads\/2026\/01\/PLACA-2026-2048x1162.png 2048w, https:\/\/clasicasierracentro.com\/wp-content\/uploads\/2026\/01\/PLACA-2026-1200x681.png 1200w, https:\/\/clasicasierracentro.com\/wp-content\/uploads\/2026\/01\/PLACA-2026-1980x1124.png 1980w\" sizes=\"auto, (max-width: 2560px) 100vw, 2560px\" \/><\/figure>\n<\/div><\/div>\n<\/div>\n<\/div>\n","protected":false},"excerpt":{"rendered":"<p>Pruebas<\/p>\n","protected":false},"author":1,"featured_media":0,"parent":0,"menu_order":0,"comment_status":"closed","ping_status":"closed","template":"","meta":{"om_disable_all_campaigns":false,"_monsterinsights_skip_tracking":false,"_monsterinsights_sitenote_active":false,"_monsterinsights_sitenote_note":"","_monsterinsights_sitenote_category":0,"footnotes":""},"class_list":["post-1955","page","type-page","status-publish","hentry"],"yoast_head":"<!-- This site is optimized with the Yoast SEO plugin v27.4 - https:\/\/yoast.com\/product\/yoast-seo-wordpress\/ -->\n<title>II Desaf\u00edo              Cl\u00e1sicos Sierra Centro 2026 | CL\u00c1SICA SIERRA CENTRO<\/title>\n<meta name=\"robots\" content=\"index, follow, max-snippet:-1, max-image-preview:large, max-video-preview:-1\" \/>\n<link rel=\"canonical\" href=\"https:\/\/clasicasierracentro.com\/?page_id=1955\" \/>\n<meta property=\"og:locale\" content=\"es_ES\" \/>\n<meta property=\"og:type\" content=\"article\" \/>\n<meta property=\"og:title\" content=\"II Desaf\u00edo              Cl\u00e1sicos Sierra Centro 2026 | CL\u00c1SICA SIERRA CENTRO\" \/>\n<meta property=\"og:description\" content=\"Pruebas\" \/>\n<meta property=\"og:url\" content=\"https:\/\/clasicasierracentro.com\/?page_id=1955\" \/>\n<meta property=\"og:site_name\" content=\"CL\u00c1SICA SIERRA CENTRO\" \/>\n<meta property=\"article:modified_time\" content=\"2026-01-15T20:07:29+00:00\" \/>\n<meta property=\"og:image\" content=\"https:\/\/clasicasierracentro.com\/wp-content\/uploads\/2026\/01\/Logo-II-Desafio-CSC-206.png\" \/>\n\t<meta property=\"og:image:width\" content=\"1920\" \/>\n\t<meta property=\"og:image:height\" content=\"1920\" \/>\n\t<meta property=\"og:image:type\" content=\"image\/png\" \/>\n<meta name=\"twitter:card\" content=\"summary_large_image\" \/>\n<meta name=\"twitter:label1\" content=\"Tiempo de lectura\" \/>\n\t<meta name=\"twitter:data1\" content=\"1 minuto\" \/>\n<script type=\"application\/ld+json\" class=\"yoast-schema-graph\">{\"@context\":\"https:\\\/\\\/schema.org\",\"@graph\":[{\"@type\":\"WebPage\",\"@id\":\"https:\\\/\\\/clasicasierracentro.com\\\/?page_id=1955\",\"url\":\"https:\\\/\\\/clasicasierracentro.com\\\/?page_id=1955\",\"name\":\"II Desaf\u00edo Cl\u00e1sicos Sierra Centro 2026 | CL\u00c1SICA SIERRA CENTRO\",\"isPartOf\":{\"@id\":\"https:\\\/\\\/clasicasierracentro.com\\\/#website\"},\"primaryImageOfPage\":{\"@id\":\"https:\\\/\\\/clasicasierracentro.com\\\/?page_id=1955#primaryimage\"},\"image\":{\"@id\":\"https:\\\/\\\/clasicasierracentro.com\\\/?page_id=1955#primaryimage\"},\"thumbnailUrl\":\"https:\\\/\\\/clasicasierracentro.com\\\/wp-content\\\/uploads\\\/2026\\\/01\\\/Logo-II-Desafio-CSC-206.png\",\"datePublished\":\"2026-01-15T18:52:04+00:00\",\"dateModified\":\"2026-01-15T20:07:29+00:00\",\"breadcrumb\":{\"@id\":\"https:\\\/\\\/clasicasierracentro.com\\\/?page_id=1955#breadcrumb\"},\"inLanguage\":\"es\",\"potentialAction\":[{\"@type\":\"ReadAction\",\"target\":[\"https:\\\/\\\/clasicasierracentro.com\\\/?page_id=1955\"]}]},{\"@type\":\"ImageObject\",\"inLanguage\":\"es\",\"@id\":\"https:\\\/\\\/clasicasierracentro.com\\\/?page_id=1955#primaryimage\",\"url\":\"https:\\\/\\\/clasicasierracentro.com\\\/wp-content\\\/uploads\\\/2026\\\/01\\\/Logo-II-Desafio-CSC-206.png\",\"contentUrl\":\"https:\\\/\\\/clasicasierracentro.com\\\/wp-content\\\/uploads\\\/2026\\\/01\\\/Logo-II-Desafio-CSC-206.png\",\"width\":1920,\"height\":1920},{\"@type\":\"BreadcrumbList\",\"@id\":\"https:\\\/\\\/clasicasierracentro.com\\\/?page_id=1955#breadcrumb\",\"itemListElement\":[{\"@type\":\"ListItem\",\"position\":1,\"name\":\"Portada\",\"item\":\"https:\\\/\\\/clasicasierracentro.com\\\/\"},{\"@type\":\"ListItem\",\"position\":2,\"name\":\"II Desaf\u00edo Cl\u00e1sicos Sierra Centro 2026\"}]},{\"@type\":\"WebSite\",\"@id\":\"https:\\\/\\\/clasicasierracentro.com\\\/#website\",\"url\":\"https:\\\/\\\/clasicasierracentro.com\\\/\",\"name\":\"CL\u00c1SICA SIERRA CENTRO\",\"description\":\"CL\u00c1SICA SIERRA CENTRO\",\"publisher\":{\"@id\":\"https:\\\/\\\/clasicasierracentro.com\\\/#\\\/schema\\\/person\\\/0dbe694ae3855c65b8c501f1728ad93a\"},\"potentialAction\":[{\"@type\":\"SearchAction\",\"target\":{\"@type\":\"EntryPoint\",\"urlTemplate\":\"https:\\\/\\\/clasicasierracentro.com\\\/?s={search_term_string}\"},\"query-input\":{\"@type\":\"PropertyValueSpecification\",\"valueRequired\":true,\"valueName\":\"search_term_string\"}}],\"inLanguage\":\"es\"},{\"@type\":[\"Person\",\"Organization\"],\"@id\":\"https:\\\/\\\/clasicasierracentro.com\\\/#\\\/schema\\\/person\\\/0dbe694ae3855c65b8c501f1728ad93a\",\"name\":\"Cl\u00e1sica Sierra Centro\",\"image\":{\"@type\":\"ImageObject\",\"inLanguage\":\"es\",\"@id\":\"https:\\\/\\\/clasicasierracentro.com\\\/wp-content\\\/uploads\\\/2025\\\/12\\\/cropped-Placa-XI-Clasica-Sierra-Centro-2026.png\",\"url\":\"https:\\\/\\\/clasicasierracentro.com\\\/wp-content\\\/uploads\\\/2025\\\/12\\\/cropped-Placa-XI-Clasica-Sierra-Centro-2026.png\",\"contentUrl\":\"https:\\\/\\\/clasicasierracentro.com\\\/wp-content\\\/uploads\\\/2025\\\/12\\\/cropped-Placa-XI-Clasica-Sierra-Centro-2026.png\",\"width\":613,\"height\":460,\"caption\":\"Cl\u00e1sica Sierra Centro\"},\"logo\":{\"@id\":\"https:\\\/\\\/clasicasierracentro.com\\\/wp-content\\\/uploads\\\/2025\\\/12\\\/cropped-Placa-XI-Clasica-Sierra-Centro-2026.png\"},\"sameAs\":[\"http:\\\/\\\/clasicasierracentro.com\"]}]}<\/script>\n<!-- \/ Yoast SEO plugin. -->","yoast_head_json":{"title":"II Desaf\u00edo              Cl\u00e1sicos Sierra Centro 2026 | CL\u00c1SICA SIERRA CENTRO","robots":{"index":"index","follow":"follow","max-snippet":"max-snippet:-1","max-image-preview":"max-image-preview:large","max-video-preview":"max-video-preview:-1"},"canonical":"https:\/\/clasicasierracentro.com\/?page_id=1955","og_locale":"es_ES","og_type":"article","og_title":"II Desaf\u00edo              Cl\u00e1sicos Sierra Centro 2026 | CL\u00c1SICA SIERRA CENTRO","og_description":"Pruebas","og_url":"https:\/\/clasicasierracentro.com\/?page_id=1955","og_site_name":"CL\u00c1SICA SIERRA CENTRO","article_modified_time":"2026-01-15T20:07:29+00:00","og_image":[{"width":1920,"height":1920,"url":"https:\/\/clasicasierracentro.com\/wp-content\/uploads\/2026\/01\/Logo-II-Desafio-CSC-206.png","type":"image\/png"}],"twitter_card":"summary_large_image","twitter_misc":{"Tiempo de lectura":"1 minuto"},"schema":{"@context":"https:\/\/schema.org","@graph":[{"@type":"WebPage","@id":"https:\/\/clasicasierracentro.com\/?page_id=1955","url":"https:\/\/clasicasierracentro.com\/?page_id=1955","name":"II Desaf\u00edo Cl\u00e1sicos Sierra Centro 2026 | CL\u00c1SICA SIERRA CENTRO","isPartOf":{"@id":"https:\/\/clasicasierracentro.com\/#website"},"primaryImageOfPage":{"@id":"https:\/\/clasicasierracentro.com\/?page_id=1955#primaryimage"},"image":{"@id":"https:\/\/clasicasierracentro.com\/?page_id=1955#primaryimage"},"thumbnailUrl":"https:\/\/clasicasierracentro.com\/wp-content\/uploads\/2026\/01\/Logo-II-Desafio-CSC-206.png","datePublished":"2026-01-15T18:52:04+00:00","dateModified":"2026-01-15T20:07:29+00:00","breadcrumb":{"@id":"https:\/\/clasicasierracentro.com\/?page_id=1955#breadcrumb"},"inLanguage":"es","potentialAction":[{"@type":"ReadAction","target":["https:\/\/clasicasierracentro.com\/?page_id=1955"]}]},{"@type":"ImageObject","inLanguage":"es","@id":"https:\/\/clasicasierracentro.com\/?page_id=1955#primaryimage","url":"https:\/\/clasicasierracentro.com\/wp-content\/uploads\/2026\/01\/Logo-II-Desafio-CSC-206.png","contentUrl":"https:\/\/clasicasierracentro.com\/wp-content\/uploads\/2026\/01\/Logo-II-Desafio-CSC-206.png","width":1920,"height":1920},{"@type":"BreadcrumbList","@id":"https:\/\/clasicasierracentro.com\/?page_id=1955#breadcrumb","itemListElement":[{"@type":"ListItem","position":1,"name":"Portada","item":"https:\/\/clasicasierracentro.com\/"},{"@type":"ListItem","position":2,"name":"II Desaf\u00edo Cl\u00e1sicos Sierra Centro 2026"}]},{"@type":"WebSite","@id":"https:\/\/clasicasierracentro.com\/#website","url":"https:\/\/clasicasierracentro.com\/","name":"CL\u00c1SICA SIERRA CENTRO","description":"CL\u00c1SICA SIERRA CENTRO","publisher":{"@id":"https:\/\/clasicasierracentro.com\/#\/schema\/person\/0dbe694ae3855c65b8c501f1728ad93a"},"potentialAction":[{"@type":"SearchAction","target":{"@type":"EntryPoint","urlTemplate":"https:\/\/clasicasierracentro.com\/?s={search_term_string}"},"query-input":{"@type":"PropertyValueSpecification","valueRequired":true,"valueName":"search_term_string"}}],"inLanguage":"es"},{"@type":["Person","Organization"],"@id":"https:\/\/clasicasierracentro.com\/#\/schema\/person\/0dbe694ae3855c65b8c501f1728ad93a","name":"Cl\u00e1sica Sierra Centro","image":{"@type":"ImageObject","inLanguage":"es","@id":"https:\/\/clasicasierracentro.com\/wp-content\/uploads\/2025\/12\/cropped-Placa-XI-Clasica-Sierra-Centro-2026.png","url":"https:\/\/clasicasierracentro.com\/wp-content\/uploads\/2025\/12\/cropped-Placa-XI-Clasica-Sierra-Centro-2026.png","contentUrl":"https:\/\/clasicasierracentro.com\/wp-content\/uploads\/2025\/12\/cropped-Placa-XI-Clasica-Sierra-Centro-2026.png","width":613,"height":460,"caption":"Cl\u00e1sica Sierra Centro"},"logo":{"@id":"https:\/\/clasicasierracentro.com\/wp-content\/uploads\/2025\/12\/cropped-Placa-XI-Clasica-Sierra-Centro-2026.png"},"sameAs":["http:\/\/clasicasierracentro.com"]}]}},"_links":{"self":[{"href":"https:\/\/clasicasierracentro.com\/index.php?rest_route=\/wp\/v2\/pages\/1955","targetHints":{"allow":["GET"]}}],"collection":[{"href":"https:\/\/clasicasierracentro.com\/index.php?rest_route=\/wp\/v2\/pages"}],"about":[{"href":"https:\/\/clasicasierracentro.com\/index.php?rest_route=\/wp\/v2\/types\/page"}],"author":[{"embeddable":true,"href":"https:\/\/clasicasierracentro.com\/index.php?rest_route=\/wp\/v2\/users\/1"}],"replies":[{"embeddable":true,"href":"https:\/\/clasicasierracentro.com\/index.php?rest_route=%2Fwp%2Fv2%2Fcomments&post=1955"}],"version-history":[{"count":2,"href":"https:\/\/clasicasierracentro.com\/index.php?rest_route=\/wp\/v2\/pages\/1955\/revisions"}],"predecessor-version":[{"id":2010,"href":"https:\/\/clasicasierracentro.com\/index.php?rest_route=\/wp\/v2\/pages\/1955\/revisions\/2010"}],"wp:attachment":[{"href":"https:\/\/clasicasierracentro.com\/index.php?rest_route=%2Fwp%2Fv2%2Fmedia&parent=1955"}],"curies":[{"name":"wp","href":"https:\/\/api.w.org\/{rel}","templated":true}]}}