{"id":297,"date":"2022-01-17T11:08:24","date_gmt":"2022-01-17T10:08:24","guid":{"rendered":"https:\/\/clasicasierracentro.com\/?page_id=297"},"modified":"2025-09-22T22:25:16","modified_gmt":"2025-09-22T21:25:16","slug":"vi-clasica-sierra-centro","status":"publish","type":"page","link":"https:\/\/clasicasierracentro.com\/?page_id=297","title":{"rendered":"VI Cl\u00e1sica Sierra Centro"},"content":{"rendered":"\n<div class=\"wp-block-columns alignwide is-layout-flex wp-container-core-columns-is-layout-9d6595d7 wp-block-columns-is-layout-flex\">\n<div class=\"wp-block-column is-layout-flow wp-block-column-is-layout-flow\">\n<div class=\"wp-block-group has-background\" style=\"background-color:#ffffff\"><div class=\"wp-block-group__inner-container is-layout-flow wp-block-group-is-layout-flow\">\n<h2 class=\"wp-block-heading has-text-align-center\">Clasificaci\u00f3n<\/h2>\n\n\n\n<figure class=\"wp-block-gallery has-nested-images columns-default is-cropped wp-block-gallery-1 is-layout-flex wp-block-gallery-is-layout-flex\">\n<figure class=\"wp-block-image size-large\"><img loading=\"lazy\" decoding=\"async\" width=\"452\" height=\"144\" data-id=\"121\" src=\"http:\/\/clasicasierracentro.com\/wp-content\/uploads\/2022\/01\/podium.jpg\" alt=\"\" class=\"wp-image-121\" srcset=\"https:\/\/clasicasierracentro.com\/wp-content\/uploads\/2022\/01\/podium.jpg 452w, https:\/\/clasicasierracentro.com\/wp-content\/uploads\/2022\/01\/podium-300x96.jpg 300w\" sizes=\"auto, (max-width: 452px) 100vw, 452px\" \/><\/figure>\n<\/figure>\n\n\n\n<p class=\"has-text-align-center\"><strong>1\u00ba- Marcos Rodr\u00edguez \u2013 Sonia V\u00e1zquez<\/strong><\/p>\n\n\n\n<p class=\"has-text-align-center\"><strong>2\u00ba- Julio Enrique Mart\u00edn \u2013 Blanca Pastor<\/strong><\/p>\n\n\n\n<p class=\"has-text-align-center\"><strong>3\u00ba- Jose Manuel Hontanilla \u2013 Jose Mar\u00eda Reviejo<\/strong><\/p>\n\n\n\n<div class=\"wp-block-buttons is-horizontal is-content-justification-center is-layout-flex wp-container-core-buttons-is-layout-499968f5 wp-block-buttons-is-layout-flex\">\n<div class=\"wp-block-button is-style-outline is-style-outline--2\"><a class=\"wp-block-button__link has-primary-color has-text-color has-background wp-element-button\" href=\"https:\/\/docs.google.com\/spreadsheets\/d\/1MaCfZS4u-a4wxwWVokrJduLYTNPDthWu\/edit?usp=sharing&amp;ouid=102280316388655615614&amp;rtpof=true&amp;sd=true\" style=\"border-radius:25px;background-color:#1e73be\" target=\"_blank\" rel=\"noreferrer noopener\"><strong><mark style=\"background-color:rgba(0, 0, 0, 0)\" class=\"has-inline-color has-background-color\">clasificaci\u00d3n<\/mark><\/strong><\/a><\/div>\n<\/div>\n<\/div><\/div>\n\n\n\n<figure class=\"wp-block-image size-large\"><img loading=\"lazy\" decoding=\"async\" width=\"1024\" height=\"683\" src=\"https:\/\/clasicasierracentro.com\/wp-content\/uploads\/2022\/01\/nissan-6-1024x683.jpg\" alt=\"\" class=\"wp-image-310\" srcset=\"https:\/\/clasicasierracentro.com\/wp-content\/uploads\/2022\/01\/nissan-6-1024x683.jpg 1024w, https:\/\/clasicasierracentro.com\/wp-content\/uploads\/2022\/01\/nissan-6-300x200.jpg 300w, https:\/\/clasicasierracentro.com\/wp-content\/uploads\/2022\/01\/nissan-6-768x512.jpg 768w, https:\/\/clasicasierracentro.com\/wp-content\/uploads\/2022\/01\/nissan-6-1536x1024.jpg 1536w, https:\/\/clasicasierracentro.com\/wp-content\/uploads\/2022\/01\/nissan-6-1200x800.jpg 1200w, https:\/\/clasicasierracentro.com\/wp-content\/uploads\/2022\/01\/nissan-6-1980x1320.jpg 1980w, https:\/\/clasicasierracentro.com\/wp-content\/uploads\/2022\/01\/nissan-6.jpg 2048w\" sizes=\"auto, (max-width: 1024px) 100vw, 1024px\" \/><\/figure>\n\n\n\n<figure class=\"wp-block-image size-large\"><img loading=\"lazy\" decoding=\"async\" width=\"1024\" height=\"599\" src=\"https:\/\/clasicasierracentro.com\/wp-content\/uploads\/2022\/01\/Placa-VI-Clasica-Sierra-Centro-1024x599.png\" alt=\"\" class=\"wp-image-178\" srcset=\"https:\/\/clasicasierracentro.com\/wp-content\/uploads\/2022\/01\/Placa-VI-Clasica-Sierra-Centro-1024x599.png 1024w, https:\/\/clasicasierracentro.com\/wp-content\/uploads\/2022\/01\/Placa-VI-Clasica-Sierra-Centro-300x175.png 300w, https:\/\/clasicasierracentro.com\/wp-content\/uploads\/2022\/01\/Placa-VI-Clasica-Sierra-Centro-768x449.png 768w, https:\/\/clasicasierracentro.com\/wp-content\/uploads\/2022\/01\/Placa-VI-Clasica-Sierra-Centro-1200x702.png 1200w, https:\/\/clasicasierracentro.com\/wp-content\/uploads\/2022\/01\/Placa-VI-Clasica-Sierra-Centro.png 1496w\" sizes=\"auto, (max-width: 1024px) 100vw, 1024px\" \/><\/figure>\n<\/div>\n\n\n\n<div class=\"wp-block-column is-layout-flow wp-block-column-is-layout-flow\">\n<div class=\"wp-block-group has-background\" style=\"background-color:#ffffff\"><div class=\"wp-block-group__inner-container is-layout-flow wp-block-group-is-layout-flow\">\n<h2 class=\"wp-block-heading has-text-align-center\">Fotograf\u00edas<\/h2>\n\n\n<div class=\"wp-block-image\">\n<figure class=\"aligncenter size-full\"><img loading=\"lazy\" decoding=\"async\" width=\"200\" height=\"165\" src=\"https:\/\/clasicasierracentro.com\/wp-content\/uploads\/2025\/04\/Camara-fotos-e1758575331359.png\" alt=\"\" class=\"wp-image-1717\"\/><\/figure>\n<\/div>\n\n\n<div class=\"wp-block-buttons is-horizontal is-content-justification-center is-layout-flex wp-container-core-buttons-is-layout-499968f5 wp-block-buttons-is-layout-flex\">\n<div class=\"wp-block-button is-style-outline is-style-outline--3\"><a class=\"wp-block-button__link has-primary-color has-text-color has-background wp-element-button\" href=\"https:\/\/www.facebook.com\/media\/set\/?set=a.4341356295978335&amp;type=3\" style=\"border-radius:25px;background-color:#1e73be\" target=\"_blank\" rel=\"noreferrer noopener\"><strong><mark style=\"background-color:rgba(0, 0, 0, 0)\" class=\"has-inline-color has-background-color\">Salida<\/mark><\/strong><\/a><\/div>\n\n\n\n<div class=\"wp-block-button is-style-outline is-style-outline--4\"><a class=\"wp-block-button__link has-primary-color has-text-color has-background wp-element-button\" href=\"https:\/\/www.facebook.com\/media\/set\/?set=a.4344509925662972&amp;type=3\" style=\"border-radius:25px;background-color:#1e73be\" target=\"_blank\" rel=\"noreferrer noopener\"><strong><mark style=\"background-color:rgba(0, 0, 0, 0)\" class=\"has-inline-color has-background-color\">tramo 2<\/mark><\/strong><\/a><\/div>\n\n\n\n<div class=\"wp-block-button is-style-outline is-style-outline--5\"><a class=\"wp-block-button__link has-primary-color has-text-color has-background wp-element-button\" href=\"https:\/\/www.facebook.com\/media\/set\/?set=a.4344914725622492&amp;type=3\" style=\"border-radius:25px;background-color:#1e73be\" target=\"_blank\" rel=\"noreferrer noopener\"><strong><mark style=\"background-color:rgba(0, 0, 0, 0)\" class=\"has-inline-color has-background-color\">tramo 3<\/mark><\/strong><\/a><\/div>\n<\/div>\n\n\n\n<div class=\"wp-block-buttons is-horizontal is-content-justification-center is-layout-flex wp-container-core-buttons-is-layout-499968f5 wp-block-buttons-is-layout-flex\">\n<div class=\"wp-block-button is-style-outline is-style-outline--6\"><a class=\"wp-block-button__link has-primary-color has-text-color has-background wp-element-button\" href=\"https:\/\/www.facebook.com\/media\/set\/?set=a.4341412622639369&amp;type=3\" style=\"border-radius:25px;background-color:#1e73be\" target=\"_blank\" rel=\"noreferrer noopener\"><strong><mark style=\"background-color:rgba(0, 0, 0, 0)\" class=\"has-inline-color has-background-color\">tramo 5<\/mark><\/strong><\/a><\/div>\n\n\n\n<div class=\"wp-block-button is-style-outline is-style-outline--7\"><a class=\"wp-block-button__link has-primary-color has-text-color has-background wp-element-button\" href=\"https:\/\/www.facebook.com\/media\/set\/?set=a.4341548349292463&amp;type=3\" style=\"border-radius:25px;background-color:#1e73be\" target=\"_blank\" rel=\"noreferrer noopener\"><strong><mark style=\"background-color:rgba(0, 0, 0, 0)\" class=\"has-inline-color has-background-color\">tramo 6<\/mark><\/strong><\/a><\/div>\n\n\n\n<div class=\"wp-block-button is-style-outline is-style-outline--8\"><a class=\"wp-block-button__link has-primary-color has-text-color has-background wp-element-button\" href=\"https:\/\/www.facebook.com\/media\/set\/?set=a.4347610618686236&amp;type=3\" style=\"border-radius:100px;background-color:#1e73be\" target=\"_blank\" rel=\"noreferrer noopener\"><strong><mark style=\"background-color:rgba(0, 0, 0, 0)\" class=\"has-inline-color has-background-color\">tramo 7<\/mark><\/strong><\/a><\/div>\n<\/div>\n\n\n\n<div class=\"wp-block-buttons is-horizontal is-content-justification-center is-layout-flex wp-container-core-buttons-is-layout-499968f5 wp-block-buttons-is-layout-flex\">\n<div class=\"wp-block-button is-style-outline is-style-outline--9\"><a class=\"wp-block-button__link has-primary-color has-text-color has-background wp-element-button\" href=\"https:\/\/www.facebook.com\/media\/set\/?set=a.4344619922318639&amp;type=3\" style=\"border-radius:25px;background-color:#1e73be\" target=\"_blank\" rel=\"noreferrer noopener\"><strong><mark style=\"background-color:rgba(0, 0, 0, 0)\" class=\"has-inline-color has-background-color\">tramo 6-8<\/mark><\/strong><\/a><\/div>\n\n\n\n<div class=\"wp-block-button is-style-outline is-style-outline--10\"><a class=\"wp-block-button__link has-primary-color has-text-color has-background wp-element-button\" href=\"https:\/\/www.facebook.com\/media\/set\/?set=a.4347635805350384&amp;type=3\" style=\"border-radius:25px;background-color:#1e73be\" target=\"_blank\" rel=\"noreferrer noopener\"><strong><mark style=\"background-color:rgba(0, 0, 0, 0)\" class=\"has-inline-color has-background-color\">tramo 9<\/mark><\/strong><\/a><\/div>\n\n\n\n<div class=\"wp-block-button is-style-outline is-style-outline--11\"><a class=\"wp-block-button__link has-primary-color has-text-color has-background wp-element-button\" href=\"https:\/\/www.facebook.com\/media\/set\/?set=a.4344788748968423&amp;type=3\" style=\"border-radius:25px;background-color:#1e73be\" target=\"_blank\" rel=\"noreferrer noopener\"><strong><mark style=\"background-color:rgba(0, 0, 0, 0)\" class=\"has-inline-color has-background-color\">tramo 11<\/mark><\/strong><\/a><\/div>\n\n\n\n<div class=\"wp-block-button is-style-outline is-style-outline--12\"><a class=\"wp-block-button__link has-primary-color has-text-color has-background wp-element-button\" href=\"https:\/\/www.facebook.com\/media\/set\/?set=a.4344870532293578&amp;type=3\" style=\"border-radius:25px;background-color:#1e73be\" target=\"_blank\" rel=\"noreferrer noopener\"><strong><mark style=\"background-color:rgba(0, 0, 0, 0)\" class=\"has-inline-color has-background-color\">tramo 14<\/mark><\/strong><\/a><\/div>\n\n\n\n<div class=\"wp-block-button is-style-outline is-style-outline--13\"><a class=\"wp-block-button__link has-primary-color has-text-color has-background wp-element-button\" href=\"https:\/\/www.facebook.com\/media\/set\/?set=a.4341606719286626&amp;type=3\" style=\"border-radius:25px;background-color:#1e73be\" target=\"_blank\" rel=\"noreferrer noopener\"><strong><mark style=\"background-color:rgba(0, 0, 0, 0)\" class=\"has-inline-color has-background-color\">entrega de trofeos<\/mark><\/strong><\/a><\/div>\n<\/div>\n<\/div><\/div>\n\n\n\n<figure class=\"wp-block-image size-large\"><img loading=\"lazy\" decoding=\"async\" width=\"950\" height=\"1024\" src=\"http:\/\/clasicasierracentro.com\/wp-content\/uploads\/2022\/01\/cartel-6-950x1024.jpg\" alt=\"\" class=\"wp-image-307\" srcset=\"https:\/\/clasicasierracentro.com\/wp-content\/uploads\/2022\/01\/cartel-6-950x1024.jpg 950w, https:\/\/clasicasierracentro.com\/wp-content\/uploads\/2022\/01\/cartel-6-278x300.jpg 278w, https:\/\/clasicasierracentro.com\/wp-content\/uploads\/2022\/01\/cartel-6-768x828.jpg 768w\" sizes=\"auto, (max-width: 950px) 100vw, 950px\" \/><\/figure>\n<\/div>\n<\/div>\n","protected":false},"excerpt":{"rendered":"<p>Clasificaci\u00f3n 1\u00ba- Marcos Rodr\u00edguez \u2013 Sonia V\u00e1zquez 2\u00ba- Julio Enrique Mart\u00edn \u2013 Blanca Pastor 3\u00ba- Jose Manuel Hontanilla \u2013 Jose Mar\u00eda Reviejo Fotograf\u00edas<\/p>\n","protected":false},"author":1,"featured_media":0,"parent":0,"menu_order":0,"comment_status":"closed","ping_status":"closed","template":"","meta":{"om_disable_all_campaigns":false,"_monsterinsights_skip_tracking":false,"_monsterinsights_sitenote_active":false,"_monsterinsights_sitenote_note":"","_monsterinsights_sitenote_category":0,"footnotes":""},"class_list":["post-297","page","type-page","status-publish","hentry"],"yoast_head":"<!-- This site is optimized with the Yoast SEO plugin v27.4 - https:\/\/yoast.com\/product\/yoast-seo-wordpress\/ -->\n<title>VI Cl\u00e1sica Sierra Centro | CL\u00c1SICA SIERRA CENTRO<\/title>\n<meta name=\"robots\" content=\"index, follow, max-snippet:-1, max-image-preview:large, max-video-preview:-1\" \/>\n<link rel=\"canonical\" href=\"https:\/\/clasicasierracentro.com\/?page_id=297\" \/>\n<meta property=\"og:locale\" content=\"es_ES\" \/>\n<meta property=\"og:type\" content=\"article\" \/>\n<meta property=\"og:title\" content=\"VI Cl\u00e1sica Sierra Centro | CL\u00c1SICA SIERRA CENTRO\" \/>\n<meta property=\"og:description\" content=\"Clasificaci\u00f3n 1\u00ba- Marcos Rodr\u00edguez \u2013 Sonia V\u00e1zquez 2\u00ba- Julio Enrique Mart\u00edn \u2013 Blanca Pastor 3\u00ba- Jose Manuel Hontanilla \u2013 Jose Mar\u00eda Reviejo Fotograf\u00edas\" \/>\n<meta property=\"og:url\" content=\"https:\/\/clasicasierracentro.com\/?page_id=297\" \/>\n<meta property=\"og:site_name\" content=\"CL\u00c1SICA SIERRA CENTRO\" \/>\n<meta property=\"article:modified_time\" content=\"2025-09-22T21:25:16+00:00\" \/>\n<meta property=\"og:image\" content=\"https:\/\/clasicasierracentro.com\/wp-content\/uploads\/2022\/01\/podium.jpg\" \/>\n\t<meta property=\"og:image:width\" content=\"452\" \/>\n\t<meta property=\"og:image:height\" content=\"144\" \/>\n\t<meta property=\"og:image:type\" content=\"image\/jpeg\" \/>\n<meta name=\"twitter:card\" content=\"summary_large_image\" \/>\n<meta name=\"twitter:label1\" content=\"Tiempo de lectura\" \/>\n\t<meta name=\"twitter:data1\" content=\"1 minuto\" \/>\n<script type=\"application\/ld+json\" class=\"yoast-schema-graph\">{\"@context\":\"https:\\\/\\\/schema.org\",\"@graph\":[{\"@type\":\"WebPage\",\"@id\":\"https:\\\/\\\/clasicasierracentro.com\\\/?page_id=297\",\"url\":\"https:\\\/\\\/clasicasierracentro.com\\\/?page_id=297\",\"name\":\"VI Cl\u00e1sica Sierra Centro | CL\u00c1SICA SIERRA CENTRO\",\"isPartOf\":{\"@id\":\"https:\\\/\\\/clasicasierracentro.com\\\/#website\"},\"primaryImageOfPage\":{\"@id\":\"https:\\\/\\\/clasicasierracentro.com\\\/?page_id=297#primaryimage\"},\"image\":{\"@id\":\"https:\\\/\\\/clasicasierracentro.com\\\/?page_id=297#primaryimage\"},\"thumbnailUrl\":\"http:\\\/\\\/clasicasierracentro.com\\\/wp-content\\\/uploads\\\/2022\\\/01\\\/podium.jpg\",\"datePublished\":\"2022-01-17T10:08:24+00:00\",\"dateModified\":\"2025-09-22T21:25:16+00:00\",\"breadcrumb\":{\"@id\":\"https:\\\/\\\/clasicasierracentro.com\\\/?page_id=297#breadcrumb\"},\"inLanguage\":\"es\",\"potentialAction\":[{\"@type\":\"ReadAction\",\"target\":[\"https:\\\/\\\/clasicasierracentro.com\\\/?page_id=297\"]}]},{\"@type\":\"ImageObject\",\"inLanguage\":\"es\",\"@id\":\"https:\\\/\\\/clasicasierracentro.com\\\/?page_id=297#primaryimage\",\"url\":\"http:\\\/\\\/clasicasierracentro.com\\\/wp-content\\\/uploads\\\/2022\\\/01\\\/podium.jpg\",\"contentUrl\":\"http:\\\/\\\/clasicasierracentro.com\\\/wp-content\\\/uploads\\\/2022\\\/01\\\/podium.jpg\"},{\"@type\":\"BreadcrumbList\",\"@id\":\"https:\\\/\\\/clasicasierracentro.com\\\/?page_id=297#breadcrumb\",\"itemListElement\":[{\"@type\":\"ListItem\",\"position\":1,\"name\":\"Portada\",\"item\":\"https:\\\/\\\/clasicasierracentro.com\\\/\"},{\"@type\":\"ListItem\",\"position\":2,\"name\":\"VI Cl\u00e1sica Sierra Centro\"}]},{\"@type\":\"WebSite\",\"@id\":\"https:\\\/\\\/clasicasierracentro.com\\\/#website\",\"url\":\"https:\\\/\\\/clasicasierracentro.com\\\/\",\"name\":\"CL\u00c1SICA SIERRA CENTRO\",\"description\":\"CL\u00c1SICA SIERRA CENTRO\",\"publisher\":{\"@id\":\"https:\\\/\\\/clasicasierracentro.com\\\/#\\\/schema\\\/person\\\/0dbe694ae3855c65b8c501f1728ad93a\"},\"potentialAction\":[{\"@type\":\"SearchAction\",\"target\":{\"@type\":\"EntryPoint\",\"urlTemplate\":\"https:\\\/\\\/clasicasierracentro.com\\\/?s={search_term_string}\"},\"query-input\":{\"@type\":\"PropertyValueSpecification\",\"valueRequired\":true,\"valueName\":\"search_term_string\"}}],\"inLanguage\":\"es\"},{\"@type\":[\"Person\",\"Organization\"],\"@id\":\"https:\\\/\\\/clasicasierracentro.com\\\/#\\\/schema\\\/person\\\/0dbe694ae3855c65b8c501f1728ad93a\",\"name\":\"Cl\u00e1sica Sierra Centro\",\"image\":{\"@type\":\"ImageObject\",\"inLanguage\":\"es\",\"@id\":\"https:\\\/\\\/clasicasierracentro.com\\\/wp-content\\\/uploads\\\/2025\\\/12\\\/cropped-Placa-XI-Clasica-Sierra-Centro-2026.png\",\"url\":\"https:\\\/\\\/clasicasierracentro.com\\\/wp-content\\\/uploads\\\/2025\\\/12\\\/cropped-Placa-XI-Clasica-Sierra-Centro-2026.png\",\"contentUrl\":\"https:\\\/\\\/clasicasierracentro.com\\\/wp-content\\\/uploads\\\/2025\\\/12\\\/cropped-Placa-XI-Clasica-Sierra-Centro-2026.png\",\"width\":613,\"height\":460,\"caption\":\"Cl\u00e1sica Sierra Centro\"},\"logo\":{\"@id\":\"https:\\\/\\\/clasicasierracentro.com\\\/wp-content\\\/uploads\\\/2025\\\/12\\\/cropped-Placa-XI-Clasica-Sierra-Centro-2026.png\"},\"sameAs\":[\"http:\\\/\\\/clasicasierracentro.com\"]}]}<\/script>\n<!-- \/ Yoast SEO plugin. -->","yoast_head_json":{"title":"VI Cl\u00e1sica Sierra Centro | CL\u00c1SICA SIERRA CENTRO","robots":{"index":"index","follow":"follow","max-snippet":"max-snippet:-1","max-image-preview":"max-image-preview:large","max-video-preview":"max-video-preview:-1"},"canonical":"https:\/\/clasicasierracentro.com\/?page_id=297","og_locale":"es_ES","og_type":"article","og_title":"VI Cl\u00e1sica Sierra Centro | CL\u00c1SICA SIERRA CENTRO","og_description":"Clasificaci\u00f3n 1\u00ba- Marcos Rodr\u00edguez \u2013 Sonia V\u00e1zquez 2\u00ba- Julio Enrique Mart\u00edn \u2013 Blanca Pastor 3\u00ba- Jose Manuel Hontanilla \u2013 Jose Mar\u00eda Reviejo Fotograf\u00edas","og_url":"https:\/\/clasicasierracentro.com\/?page_id=297","og_site_name":"CL\u00c1SICA SIERRA CENTRO","article_modified_time":"2025-09-22T21:25:16+00:00","og_image":[{"width":452,"height":144,"url":"https:\/\/clasicasierracentro.com\/wp-content\/uploads\/2022\/01\/podium.jpg","type":"image\/jpeg"}],"twitter_card":"summary_large_image","twitter_misc":{"Tiempo de lectura":"1 minuto"},"schema":{"@context":"https:\/\/schema.org","@graph":[{"@type":"WebPage","@id":"https:\/\/clasicasierracentro.com\/?page_id=297","url":"https:\/\/clasicasierracentro.com\/?page_id=297","name":"VI Cl\u00e1sica Sierra Centro | CL\u00c1SICA SIERRA CENTRO","isPartOf":{"@id":"https:\/\/clasicasierracentro.com\/#website"},"primaryImageOfPage":{"@id":"https:\/\/clasicasierracentro.com\/?page_id=297#primaryimage"},"image":{"@id":"https:\/\/clasicasierracentro.com\/?page_id=297#primaryimage"},"thumbnailUrl":"http:\/\/clasicasierracentro.com\/wp-content\/uploads\/2022\/01\/podium.jpg","datePublished":"2022-01-17T10:08:24+00:00","dateModified":"2025-09-22T21:25:16+00:00","breadcrumb":{"@id":"https:\/\/clasicasierracentro.com\/?page_id=297#breadcrumb"},"inLanguage":"es","potentialAction":[{"@type":"ReadAction","target":["https:\/\/clasicasierracentro.com\/?page_id=297"]}]},{"@type":"ImageObject","inLanguage":"es","@id":"https:\/\/clasicasierracentro.com\/?page_id=297#primaryimage","url":"http:\/\/clasicasierracentro.com\/wp-content\/uploads\/2022\/01\/podium.jpg","contentUrl":"http:\/\/clasicasierracentro.com\/wp-content\/uploads\/2022\/01\/podium.jpg"},{"@type":"BreadcrumbList","@id":"https:\/\/clasicasierracentro.com\/?page_id=297#breadcrumb","itemListElement":[{"@type":"ListItem","position":1,"name":"Portada","item":"https:\/\/clasicasierracentro.com\/"},{"@type":"ListItem","position":2,"name":"VI Cl\u00e1sica Sierra Centro"}]},{"@type":"WebSite","@id":"https:\/\/clasicasierracentro.com\/#website","url":"https:\/\/clasicasierracentro.com\/","name":"CL\u00c1SICA SIERRA CENTRO","description":"CL\u00c1SICA SIERRA CENTRO","publisher":{"@id":"https:\/\/clasicasierracentro.com\/#\/schema\/person\/0dbe694ae3855c65b8c501f1728ad93a"},"potentialAction":[{"@type":"SearchAction","target":{"@type":"EntryPoint","urlTemplate":"https:\/\/clasicasierracentro.com\/?s={search_term_string}"},"query-input":{"@type":"PropertyValueSpecification","valueRequired":true,"valueName":"search_term_string"}}],"inLanguage":"es"},{"@type":["Person","Organization"],"@id":"https:\/\/clasicasierracentro.com\/#\/schema\/person\/0dbe694ae3855c65b8c501f1728ad93a","name":"Cl\u00e1sica Sierra Centro","image":{"@type":"ImageObject","inLanguage":"es","@id":"https:\/\/clasicasierracentro.com\/wp-content\/uploads\/2025\/12\/cropped-Placa-XI-Clasica-Sierra-Centro-2026.png","url":"https:\/\/clasicasierracentro.com\/wp-content\/uploads\/2025\/12\/cropped-Placa-XI-Clasica-Sierra-Centro-2026.png","contentUrl":"https:\/\/clasicasierracentro.com\/wp-content\/uploads\/2025\/12\/cropped-Placa-XI-Clasica-Sierra-Centro-2026.png","width":613,"height":460,"caption":"Cl\u00e1sica Sierra Centro"},"logo":{"@id":"https:\/\/clasicasierracentro.com\/wp-content\/uploads\/2025\/12\/cropped-Placa-XI-Clasica-Sierra-Centro-2026.png"},"sameAs":["http:\/\/clasicasierracentro.com"]}]}},"_links":{"self":[{"href":"https:\/\/clasicasierracentro.com\/index.php?rest_route=\/wp\/v2\/pages\/297","targetHints":{"allow":["GET"]}}],"collection":[{"href":"https:\/\/clasicasierracentro.com\/index.php?rest_route=\/wp\/v2\/pages"}],"about":[{"href":"https:\/\/clasicasierracentro.com\/index.php?rest_route=\/wp\/v2\/types\/page"}],"author":[{"embeddable":true,"href":"https:\/\/clasicasierracentro.com\/index.php?rest_route=\/wp\/v2\/users\/1"}],"replies":[{"embeddable":true,"href":"https:\/\/clasicasierracentro.com\/index.php?rest_route=%2Fwp%2Fv2%2Fcomments&post=297"}],"version-history":[{"count":16,"href":"https:\/\/clasicasierracentro.com\/index.php?rest_route=\/wp\/v2\/pages\/297\/revisions"}],"predecessor-version":[{"id":1863,"href":"https:\/\/clasicasierracentro.com\/index.php?rest_route=\/wp\/v2\/pages\/297\/revisions\/1863"}],"wp:attachment":[{"href":"https:\/\/clasicasierracentro.com\/index.php?rest_route=%2Fwp%2Fv2%2Fmedia&parent=297"}],"curies":[{"name":"wp","href":"https:\/\/api.w.org\/{rel}","templated":true}]}}