{"id":325,"date":"2022-01-17T18:03:02","date_gmt":"2022-01-17T17:03:02","guid":{"rendered":"https:\/\/clasicasierracentro.com\/?page_id=325"},"modified":"2026-03-30T12:56:33","modified_gmt":"2026-03-30T11:56:33","slug":"patrocinadores","status":"publish","type":"page","link":"https:\/\/clasicasierracentro.com\/?page_id=325","title":{"rendered":"Patrocinadores"},"content":{"rendered":"\n<p><strong><mark style=\"background-color:#000000\" class=\"has-inline-color has-background-color\">Si quieres colaborar en nuestro rally, y que la imagen de tu empresa est\u00e9 visible en nuestra prueba, ponte en contacto con nosotros a trav\u00e9s del siguiente formulario:<\/mark><\/strong><\/p>\n\n\n\n<div class=\"wp-block-buttons is-horizontal is-content-justification-center is-layout-flex wp-container-core-buttons-is-layout-499968f5 wp-block-buttons-is-layout-flex\">\n<div class=\"wp-block-button is-style-outline is-style-outline--1\"><a class=\"wp-block-button__link has-primary-color has-text-color has-background wp-element-button\" href=\"https:\/\/clasicasierracentro.com\/?page_id=39\" style=\"border-radius:25px;background-color:#1e73be\"><strong><mark style=\"background-color:rgba(0, 0, 0, 0)\" class=\"has-inline-color has-background-color\">formulario<\/mark><\/strong><\/a><\/div>\n<\/div>\n\n\n\n<p class=\"has-text-align-center has-background-color has-text-color has-link-color has-larger-font-size wp-elements-ba128366891374e97c22e4d5b4678b87\"><strong><mark style=\"background-color:#000000\" class=\"has-inline-color has-background-color\">Patrocinadores XI Cl\u00e1sica Sierra Centro<\/mark><\/strong><\/p>\n\n\n\n<div class=\"wp-block-columns is-layout-flex wp-container-core-columns-is-layout-9d6595d7 wp-block-columns-is-layout-flex\">\n<div class=\"wp-block-column is-layout-flow wp-block-column-is-layout-flow\">\n<figure class=\"wp-block-image size-full\"><img loading=\"lazy\" decoding=\"async\" width=\"1405\" height=\"877\" src=\"https:\/\/clasicasierracentro.com\/wp-content\/uploads\/2026\/03\/Captura-de-pantalla-2026-03-30-135558.png\" alt=\"\" class=\"wp-image-2051\" srcset=\"https:\/\/clasicasierracentro.com\/wp-content\/uploads\/2026\/03\/Captura-de-pantalla-2026-03-30-135558.png 1405w, https:\/\/clasicasierracentro.com\/wp-content\/uploads\/2026\/03\/Captura-de-pantalla-2026-03-30-135558-300x187.png 300w, https:\/\/clasicasierracentro.com\/wp-content\/uploads\/2026\/03\/Captura-de-pantalla-2026-03-30-135558-1024x639.png 1024w, https:\/\/clasicasierracentro.com\/wp-content\/uploads\/2026\/03\/Captura-de-pantalla-2026-03-30-135558-768x479.png 768w, https:\/\/clasicasierracentro.com\/wp-content\/uploads\/2026\/03\/Captura-de-pantalla-2026-03-30-135558-1200x749.png 1200w\" sizes=\"auto, (max-width: 1405px) 100vw, 1405px\" \/><\/figure>\n<\/div>\n<\/div>\n\n\n\n<p class=\"has-text-align-center has-background-color has-text-color has-link-color has-large-font-size wp-elements-e9ea723d72cb6db84d604ef395db1388\"><strong><mark style=\"background-color:#000000\" class=\"has-inline-color has-background-color\">Patrocinadores III Cl\u00e1sica Sierra Centro \u00abMini\u00bb<\/mark><\/strong><\/p>\n\n\n\n<p class=\"has-text-align-center has-background-color has-text-color has-link-color has-large-font-size wp-elements-33aac441f94d38a060aad9a38b9108e0\"><strong><mark style=\"background-color:#000000\" class=\"has-inline-color has-background-color\">Patrocinadores por definir<\/mark><\/strong><\/p>\n\n\n","protected":false},"excerpt":{"rendered":"<p>Si quieres colaborar en nuestro rally, y que la imagen de tu empresa est\u00e9 visible en nuestra prueba, ponte en contacto con nosotros a trav\u00e9s del siguiente formulario: Patrocinadores XI Cl\u00e1sica Sierra Centro Patrocinadores III Cl\u00e1sica Sierra Centro \u00abMini\u00bb Patrocinadores por definir<\/p>\n","protected":false},"author":1,"featured_media":0,"parent":0,"menu_order":0,"comment_status":"closed","ping_status":"closed","template":"","meta":{"om_disable_all_campaigns":false,"_monsterinsights_skip_tracking":false,"_monsterinsights_sitenote_active":false,"_monsterinsights_sitenote_note":"","_monsterinsights_sitenote_category":0,"footnotes":""},"class_list":["post-325","page","type-page","status-publish","hentry"],"yoast_head":"<!-- This site is optimized with the Yoast SEO plugin v27.4 - https:\/\/yoast.com\/product\/yoast-seo-wordpress\/ -->\n<title>Patrocinadores | CL\u00c1SICA SIERRA CENTRO<\/title>\n<meta name=\"robots\" content=\"index, follow, max-snippet:-1, max-image-preview:large, max-video-preview:-1\" \/>\n<link rel=\"canonical\" href=\"https:\/\/clasicasierracentro.com\/?page_id=325\" \/>\n<meta property=\"og:locale\" content=\"es_ES\" \/>\n<meta property=\"og:type\" content=\"article\" \/>\n<meta property=\"og:title\" content=\"Patrocinadores | CL\u00c1SICA SIERRA CENTRO\" \/>\n<meta property=\"og:description\" content=\"Si quieres colaborar en nuestro rally, y que la imagen de tu empresa est\u00e9 visible en nuestra prueba, ponte en contacto con nosotros a trav\u00e9s del siguiente formulario: Patrocinadores XI Cl\u00e1sica Sierra Centro Patrocinadores III Cl\u00e1sica Sierra Centro \u00abMini\u00bb Patrocinadores por definir\" \/>\n<meta property=\"og:url\" content=\"https:\/\/clasicasierracentro.com\/?page_id=325\" \/>\n<meta property=\"og:site_name\" content=\"CL\u00c1SICA SIERRA CENTRO\" \/>\n<meta property=\"article:modified_time\" content=\"2026-03-30T11:56:33+00:00\" \/>\n<meta property=\"og:image\" content=\"https:\/\/clasicasierracentro.com\/wp-content\/uploads\/2026\/03\/Captura-de-pantalla-2026-03-30-135558.png\" \/>\n\t<meta property=\"og:image:width\" content=\"1405\" \/>\n\t<meta property=\"og:image:height\" content=\"877\" \/>\n\t<meta property=\"og:image:type\" content=\"image\/png\" \/>\n<meta name=\"twitter:card\" content=\"summary_large_image\" \/>\n<meta name=\"twitter:label1\" content=\"Tiempo de lectura\" \/>\n\t<meta name=\"twitter:data1\" content=\"4 minutos\" \/>\n<script type=\"application\/ld+json\" class=\"yoast-schema-graph\">{\"@context\":\"https:\\\/\\\/schema.org\",\"@graph\":[{\"@type\":\"WebPage\",\"@id\":\"https:\\\/\\\/clasicasierracentro.com\\\/?page_id=325\",\"url\":\"https:\\\/\\\/clasicasierracentro.com\\\/?page_id=325\",\"name\":\"Patrocinadores | CL\u00c1SICA SIERRA CENTRO\",\"isPartOf\":{\"@id\":\"https:\\\/\\\/clasicasierracentro.com\\\/#website\"},\"primaryImageOfPage\":{\"@id\":\"https:\\\/\\\/clasicasierracentro.com\\\/?page_id=325#primaryimage\"},\"image\":{\"@id\":\"https:\\\/\\\/clasicasierracentro.com\\\/?page_id=325#primaryimage\"},\"thumbnailUrl\":\"https:\\\/\\\/clasicasierracentro.com\\\/wp-content\\\/uploads\\\/2026\\\/03\\\/Captura-de-pantalla-2026-03-30-135558.png\",\"datePublished\":\"2022-01-17T17:03:02+00:00\",\"dateModified\":\"2026-03-30T11:56:33+00:00\",\"breadcrumb\":{\"@id\":\"https:\\\/\\\/clasicasierracentro.com\\\/?page_id=325#breadcrumb\"},\"inLanguage\":\"es\",\"potentialAction\":[{\"@type\":\"ReadAction\",\"target\":[\"https:\\\/\\\/clasicasierracentro.com\\\/?page_id=325\"]}]},{\"@type\":\"ImageObject\",\"inLanguage\":\"es\",\"@id\":\"https:\\\/\\\/clasicasierracentro.com\\\/?page_id=325#primaryimage\",\"url\":\"https:\\\/\\\/clasicasierracentro.com\\\/wp-content\\\/uploads\\\/2026\\\/03\\\/Captura-de-pantalla-2026-03-30-135558.png\",\"contentUrl\":\"https:\\\/\\\/clasicasierracentro.com\\\/wp-content\\\/uploads\\\/2026\\\/03\\\/Captura-de-pantalla-2026-03-30-135558.png\",\"width\":1405,\"height\":877},{\"@type\":\"BreadcrumbList\",\"@id\":\"https:\\\/\\\/clasicasierracentro.com\\\/?page_id=325#breadcrumb\",\"itemListElement\":[{\"@type\":\"ListItem\",\"position\":1,\"name\":\"Portada\",\"item\":\"https:\\\/\\\/clasicasierracentro.com\\\/\"},{\"@type\":\"ListItem\",\"position\":2,\"name\":\"Patrocinadores\"}]},{\"@type\":\"WebSite\",\"@id\":\"https:\\\/\\\/clasicasierracentro.com\\\/#website\",\"url\":\"https:\\\/\\\/clasicasierracentro.com\\\/\",\"name\":\"CL\u00c1SICA SIERRA CENTRO\",\"description\":\"CL\u00c1SICA SIERRA CENTRO\",\"publisher\":{\"@id\":\"https:\\\/\\\/clasicasierracentro.com\\\/#\\\/schema\\\/person\\\/0dbe694ae3855c65b8c501f1728ad93a\"},\"potentialAction\":[{\"@type\":\"SearchAction\",\"target\":{\"@type\":\"EntryPoint\",\"urlTemplate\":\"https:\\\/\\\/clasicasierracentro.com\\\/?s={search_term_string}\"},\"query-input\":{\"@type\":\"PropertyValueSpecification\",\"valueRequired\":true,\"valueName\":\"search_term_string\"}}],\"inLanguage\":\"es\"},{\"@type\":[\"Person\",\"Organization\"],\"@id\":\"https:\\\/\\\/clasicasierracentro.com\\\/#\\\/schema\\\/person\\\/0dbe694ae3855c65b8c501f1728ad93a\",\"name\":\"Cl\u00e1sica Sierra Centro\",\"image\":{\"@type\":\"ImageObject\",\"inLanguage\":\"es\",\"@id\":\"https:\\\/\\\/clasicasierracentro.com\\\/wp-content\\\/uploads\\\/2025\\\/12\\\/cropped-Placa-XI-Clasica-Sierra-Centro-2026.png\",\"url\":\"https:\\\/\\\/clasicasierracentro.com\\\/wp-content\\\/uploads\\\/2025\\\/12\\\/cropped-Placa-XI-Clasica-Sierra-Centro-2026.png\",\"contentUrl\":\"https:\\\/\\\/clasicasierracentro.com\\\/wp-content\\\/uploads\\\/2025\\\/12\\\/cropped-Placa-XI-Clasica-Sierra-Centro-2026.png\",\"width\":613,\"height\":460,\"caption\":\"Cl\u00e1sica Sierra Centro\"},\"logo\":{\"@id\":\"https:\\\/\\\/clasicasierracentro.com\\\/wp-content\\\/uploads\\\/2025\\\/12\\\/cropped-Placa-XI-Clasica-Sierra-Centro-2026.png\"},\"sameAs\":[\"http:\\\/\\\/clasicasierracentro.com\"]}]}<\/script>\n<!-- \/ Yoast SEO plugin. -->","yoast_head_json":{"title":"Patrocinadores | CL\u00c1SICA SIERRA CENTRO","robots":{"index":"index","follow":"follow","max-snippet":"max-snippet:-1","max-image-preview":"max-image-preview:large","max-video-preview":"max-video-preview:-1"},"canonical":"https:\/\/clasicasierracentro.com\/?page_id=325","og_locale":"es_ES","og_type":"article","og_title":"Patrocinadores | CL\u00c1SICA SIERRA CENTRO","og_description":"Si quieres colaborar en nuestro rally, y que la imagen de tu empresa est\u00e9 visible en nuestra prueba, ponte en contacto con nosotros a trav\u00e9s del siguiente formulario: Patrocinadores XI Cl\u00e1sica Sierra Centro Patrocinadores III Cl\u00e1sica Sierra Centro \u00abMini\u00bb Patrocinadores por definir","og_url":"https:\/\/clasicasierracentro.com\/?page_id=325","og_site_name":"CL\u00c1SICA SIERRA CENTRO","article_modified_time":"2026-03-30T11:56:33+00:00","og_image":[{"width":1405,"height":877,"url":"https:\/\/clasicasierracentro.com\/wp-content\/uploads\/2026\/03\/Captura-de-pantalla-2026-03-30-135558.png","type":"image\/png"}],"twitter_card":"summary_large_image","twitter_misc":{"Tiempo de lectura":"4 minutos"},"schema":{"@context":"https:\/\/schema.org","@graph":[{"@type":"WebPage","@id":"https:\/\/clasicasierracentro.com\/?page_id=325","url":"https:\/\/clasicasierracentro.com\/?page_id=325","name":"Patrocinadores | CL\u00c1SICA SIERRA CENTRO","isPartOf":{"@id":"https:\/\/clasicasierracentro.com\/#website"},"primaryImageOfPage":{"@id":"https:\/\/clasicasierracentro.com\/?page_id=325#primaryimage"},"image":{"@id":"https:\/\/clasicasierracentro.com\/?page_id=325#primaryimage"},"thumbnailUrl":"https:\/\/clasicasierracentro.com\/wp-content\/uploads\/2026\/03\/Captura-de-pantalla-2026-03-30-135558.png","datePublished":"2022-01-17T17:03:02+00:00","dateModified":"2026-03-30T11:56:33+00:00","breadcrumb":{"@id":"https:\/\/clasicasierracentro.com\/?page_id=325#breadcrumb"},"inLanguage":"es","potentialAction":[{"@type":"ReadAction","target":["https:\/\/clasicasierracentro.com\/?page_id=325"]}]},{"@type":"ImageObject","inLanguage":"es","@id":"https:\/\/clasicasierracentro.com\/?page_id=325#primaryimage","url":"https:\/\/clasicasierracentro.com\/wp-content\/uploads\/2026\/03\/Captura-de-pantalla-2026-03-30-135558.png","contentUrl":"https:\/\/clasicasierracentro.com\/wp-content\/uploads\/2026\/03\/Captura-de-pantalla-2026-03-30-135558.png","width":1405,"height":877},{"@type":"BreadcrumbList","@id":"https:\/\/clasicasierracentro.com\/?page_id=325#breadcrumb","itemListElement":[{"@type":"ListItem","position":1,"name":"Portada","item":"https:\/\/clasicasierracentro.com\/"},{"@type":"ListItem","position":2,"name":"Patrocinadores"}]},{"@type":"WebSite","@id":"https:\/\/clasicasierracentro.com\/#website","url":"https:\/\/clasicasierracentro.com\/","name":"CL\u00c1SICA SIERRA CENTRO","description":"CL\u00c1SICA SIERRA CENTRO","publisher":{"@id":"https:\/\/clasicasierracentro.com\/#\/schema\/person\/0dbe694ae3855c65b8c501f1728ad93a"},"potentialAction":[{"@type":"SearchAction","target":{"@type":"EntryPoint","urlTemplate":"https:\/\/clasicasierracentro.com\/?s={search_term_string}"},"query-input":{"@type":"PropertyValueSpecification","valueRequired":true,"valueName":"search_term_string"}}],"inLanguage":"es"},{"@type":["Person","Organization"],"@id":"https:\/\/clasicasierracentro.com\/#\/schema\/person\/0dbe694ae3855c65b8c501f1728ad93a","name":"Cl\u00e1sica Sierra Centro","image":{"@type":"ImageObject","inLanguage":"es","@id":"https:\/\/clasicasierracentro.com\/wp-content\/uploads\/2025\/12\/cropped-Placa-XI-Clasica-Sierra-Centro-2026.png","url":"https:\/\/clasicasierracentro.com\/wp-content\/uploads\/2025\/12\/cropped-Placa-XI-Clasica-Sierra-Centro-2026.png","contentUrl":"https:\/\/clasicasierracentro.com\/wp-content\/uploads\/2025\/12\/cropped-Placa-XI-Clasica-Sierra-Centro-2026.png","width":613,"height":460,"caption":"Cl\u00e1sica Sierra Centro"},"logo":{"@id":"https:\/\/clasicasierracentro.com\/wp-content\/uploads\/2025\/12\/cropped-Placa-XI-Clasica-Sierra-Centro-2026.png"},"sameAs":["http:\/\/clasicasierracentro.com"]}]}},"_links":{"self":[{"href":"https:\/\/clasicasierracentro.com\/index.php?rest_route=\/wp\/v2\/pages\/325","targetHints":{"allow":["GET"]}}],"collection":[{"href":"https:\/\/clasicasierracentro.com\/index.php?rest_route=\/wp\/v2\/pages"}],"about":[{"href":"https:\/\/clasicasierracentro.com\/index.php?rest_route=\/wp\/v2\/types\/page"}],"author":[{"embeddable":true,"href":"https:\/\/clasicasierracentro.com\/index.php?rest_route=\/wp\/v2\/users\/1"}],"replies":[{"embeddable":true,"href":"https:\/\/clasicasierracentro.com\/index.php?rest_route=%2Fwp%2Fv2%2Fcomments&post=325"}],"version-history":[{"count":142,"href":"https:\/\/clasicasierracentro.com\/index.php?rest_route=\/wp\/v2\/pages\/325\/revisions"}],"predecessor-version":[{"id":2053,"href":"https:\/\/clasicasierracentro.com\/index.php?rest_route=\/wp\/v2\/pages\/325\/revisions\/2053"}],"wp:attachment":[{"href":"https:\/\/clasicasierracentro.com\/index.php?rest_route=%2Fwp%2Fv2%2Fmedia&parent=325"}],"curies":[{"name":"wp","href":"https:\/\/api.w.org\/{rel}","templated":true}]}}