{"id":38,"date":"2022-01-15T20:53:16","date_gmt":"2022-01-15T20:53:16","guid":{"rendered":"https:\/\/clasicasierracentro.com\/?page_id=38"},"modified":"2026-04-20T20:49:30","modified_gmt":"2026-04-20T19:49:30","slug":"acerca-de","status":"publish","type":"page","link":"https:\/\/clasicasierracentro.com\/","title":{"rendered":"Cl\u00e1sica Sierra Centro"},"content":{"rendered":"\n<p class=\"has-text-align-center has-background-color has-text-color has-link-color wp-elements-f928fc1f013ec410e4d1ebc62c4c794b\" style=\"font-size:34px;font-style:italic;font-weight:700\"><strong><mark style=\"background-color:#000000\" class=\"has-inline-color has-background-color\">Pruebas de regularidad cl\u00e1sica en la zona centro <\/mark><\/strong><\/p>\n\n\n\n<p class=\"has-text-align-center has-background-color has-text-color has-link-color wp-elements-961f62188c7e85c75d5c5f5e3ffc7a50\" style=\"font-size:65px;font-style:italic;font-weight:700\"><strong><mark style=\"background-color:#000000\" class=\"has-inline-color has-background-color\">\u00a1\u00a1\u00a1Bienvenidos!!!<\/mark><\/strong><\/p>\n\n\n\n<div class=\"wp-block-columns alignwide is-layout-flex wp-container-core-columns-is-layout-9d6595d7 wp-block-columns-is-layout-flex\">\n<div class=\"wp-block-column is-layout-flow wp-block-column-is-layout-flow\">\n<figure class=\"wp-block-image size-full\"><a href=\"https:\/\/clasicasierracentro.com\/?page_id=2061\" target=\"_blank\" rel=\" noreferrer noopener\"><img loading=\"lazy\" decoding=\"async\" width=\"900\" height=\"460\" src=\"https:\/\/clasicasierracentro.com\/wp-content\/uploads\/2025\/12\/Placa-XI-Clasica-Sierra-Centro-2026.png\" alt=\"\" class=\"wp-image-1889\" srcset=\"https:\/\/clasicasierracentro.com\/wp-content\/uploads\/2025\/12\/Placa-XI-Clasica-Sierra-Centro-2026.png 900w, https:\/\/clasicasierracentro.com\/wp-content\/uploads\/2025\/12\/Placa-XI-Clasica-Sierra-Centro-2026-300x153.png 300w, https:\/\/clasicasierracentro.com\/wp-content\/uploads\/2025\/12\/Placa-XI-Clasica-Sierra-Centro-2026-768x393.png 768w\" sizes=\"auto, (max-width: 900px) 100vw, 900px\" \/><\/a><\/figure>\n<\/div>\n\n\n\n<div class=\"wp-block-column is-layout-flow wp-block-column-is-layout-flow\">\n<figure class=\"wp-block-image size-full is-resized\"><a href=\"https:\/\/clasicasierracentro.com\/?page_id=1939\" target=\"_blank\" rel=\" noreferrer noopener\"><img loading=\"lazy\" decoding=\"async\" width=\"900\" height=\"460\" src=\"https:\/\/clasicasierracentro.com\/wp-content\/uploads\/2025\/12\/Placa-III-Clasica-Sierra-Centro-Mini-2026.png\" alt=\"\" class=\"wp-image-1911\" style=\"aspect-ratio:1.9565974972279423;width:552px;height:auto\" srcset=\"https:\/\/clasicasierracentro.com\/wp-content\/uploads\/2025\/12\/Placa-III-Clasica-Sierra-Centro-Mini-2026.png 900w, https:\/\/clasicasierracentro.com\/wp-content\/uploads\/2025\/12\/Placa-III-Clasica-Sierra-Centro-Mini-2026-300x153.png 300w, https:\/\/clasicasierracentro.com\/wp-content\/uploads\/2025\/12\/Placa-III-Clasica-Sierra-Centro-Mini-2026-768x393.png 768w\" sizes=\"auto, (max-width: 900px) 100vw, 900px\" \/><\/a><\/figure>\n<\/div>\n<\/div>\n\n\n\n<div class=\"wp-block-group alignfull\"><div class=\"wp-block-group__inner-container is-layout-constrained wp-block-group-is-layout-constrained\">\n<div class=\"wp-block-columns alignfull are-vertically-aligned-bottom is-layout-flex wp-container-core-columns-is-layout-9d6595d7 wp-block-columns-is-layout-flex\">\n<div class=\"wp-block-column has-normal-font-size is-layout-flow wp-block-column-is-layout-flow\">\n<div class=\"wp-block-buttons alignfull is-vertical is-content-justification-right is-layout-flex wp-container-core-buttons-is-layout-6ba9e1b1 wp-block-buttons-is-layout-flex\">\n<div class=\"wp-block-button has-custom-width wp-block-button__width-75 alignright is-style-outline is-style-outline--1\"><a class=\"wp-block-button__link has-background-color has-text-color has-background has-text-align-center has-custom-font-size wp-element-button\" href=\"https:\/\/clasicasierracentro.com\/?page_id=2061\" style=\"border-radius:25px;background-color:#160ace;font-size:15px\">Ir a la prueba<\/a><\/div>\n<\/div>\n<\/div>\n\n\n\n<div class=\"wp-block-column has-normal-font-size is-layout-flow wp-block-column-is-layout-flow\">\n<div class=\"wp-block-buttons alignfull is-vertical is-content-justification-left is-layout-flex wp-container-core-buttons-is-layout-e9e9fa38 wp-block-buttons-is-layout-flex\">\n<div class=\"wp-block-button has-custom-width wp-block-button__width-75 alignright is-style-outline is-style-outline--2\"><a class=\"wp-block-button__link has-background-color has-text-color has-background has-text-align-center has-custom-font-size wp-element-button\" href=\"https:\/\/clasicasierracentro.com\/?page_id=1939\" style=\"border-radius:25px;background-color:#160ace;font-size:15px\" target=\"_blank\" rel=\"noreferrer noopener\">ir a la prueba<\/a><\/div>\n<\/div>\n<\/div>\n<\/div>\n<\/div><\/div>\n\n\n\n<p><\/p>\n","protected":false},"excerpt":{"rendered":"<p>Pruebas de regularidad cl\u00e1sica en la zona centro \u00a1\u00a1\u00a1Bienvenidos!!!<\/p>\n","protected":false},"author":1,"featured_media":0,"parent":0,"menu_order":0,"comment_status":"closed","ping_status":"closed","template":"","meta":{"om_disable_all_campaigns":false,"_monsterinsights_skip_tracking":false,"_monsterinsights_sitenote_active":false,"_monsterinsights_sitenote_note":"","_monsterinsights_sitenote_category":0,"footnotes":""},"class_list":["post-38","page","type-page","status-publish","hentry"],"yoast_head":"<!-- This site is optimized with the Yoast SEO plugin v27.4 - https:\/\/yoast.com\/product\/yoast-seo-wordpress\/ -->\n<title>Cl\u00e1sica Sierra Centro | CL\u00c1SICA SIERRA CENTRO<\/title>\n<meta name=\"robots\" content=\"index, follow, max-snippet:-1, max-image-preview:large, max-video-preview:-1\" \/>\n<link rel=\"canonical\" href=\"https:\/\/clasicasierracentro.com\/\" \/>\n<meta property=\"og:locale\" content=\"es_ES\" \/>\n<meta property=\"og:type\" content=\"article\" \/>\n<meta property=\"og:title\" content=\"Cl\u00e1sica Sierra Centro | CL\u00c1SICA SIERRA CENTRO\" \/>\n<meta property=\"og:description\" content=\"Pruebas de regularidad cl\u00e1sica en la zona centro \u00a1\u00a1\u00a1Bienvenidos!!!\" \/>\n<meta property=\"og:url\" content=\"https:\/\/clasicasierracentro.com\/\" \/>\n<meta property=\"og:site_name\" content=\"CL\u00c1SICA SIERRA CENTRO\" \/>\n<meta property=\"article:modified_time\" content=\"2026-04-20T19:49:30+00:00\" \/>\n<meta property=\"og:image\" content=\"https:\/\/clasicasierracentro.com\/wp-content\/uploads\/2025\/12\/Placa-XI-Clasica-Sierra-Centro-2026.png\" \/>\n\t<meta property=\"og:image:width\" content=\"900\" \/>\n\t<meta property=\"og:image:height\" content=\"460\" \/>\n\t<meta property=\"og:image:type\" content=\"image\/png\" \/>\n<meta name=\"twitter:card\" content=\"summary_large_image\" \/>\n<meta name=\"twitter:label1\" content=\"Tiempo de lectura\" \/>\n\t<meta name=\"twitter:data1\" content=\"1 minuto\" \/>\n<script type=\"application\/ld+json\" class=\"yoast-schema-graph\">{\"@context\":\"https:\\\/\\\/schema.org\",\"@graph\":[{\"@type\":\"WebPage\",\"@id\":\"https:\\\/\\\/clasicasierracentro.com\\\/\",\"url\":\"https:\\\/\\\/clasicasierracentro.com\\\/\",\"name\":\"Cl\u00e1sica Sierra Centro | CL\u00c1SICA SIERRA CENTRO\",\"isPartOf\":{\"@id\":\"https:\\\/\\\/clasicasierracentro.com\\\/#website\"},\"primaryImageOfPage\":{\"@id\":\"https:\\\/\\\/clasicasierracentro.com\\\/#primaryimage\"},\"image\":{\"@id\":\"https:\\\/\\\/clasicasierracentro.com\\\/#primaryimage\"},\"thumbnailUrl\":\"https:\\\/\\\/clasicasierracentro.com\\\/wp-content\\\/uploads\\\/2025\\\/12\\\/Placa-XI-Clasica-Sierra-Centro-2026.png\",\"datePublished\":\"2022-01-15T20:53:16+00:00\",\"dateModified\":\"2026-04-20T19:49:30+00:00\",\"breadcrumb\":{\"@id\":\"https:\\\/\\\/clasicasierracentro.com\\\/#breadcrumb\"},\"inLanguage\":\"es\",\"potentialAction\":[{\"@type\":\"ReadAction\",\"target\":[\"https:\\\/\\\/clasicasierracentro.com\\\/\"]}]},{\"@type\":\"ImageObject\",\"inLanguage\":\"es\",\"@id\":\"https:\\\/\\\/clasicasierracentro.com\\\/#primaryimage\",\"url\":\"https:\\\/\\\/clasicasierracentro.com\\\/wp-content\\\/uploads\\\/2025\\\/12\\\/Placa-XI-Clasica-Sierra-Centro-2026.png\",\"contentUrl\":\"https:\\\/\\\/clasicasierracentro.com\\\/wp-content\\\/uploads\\\/2025\\\/12\\\/Placa-XI-Clasica-Sierra-Centro-2026.png\",\"width\":900,\"height\":460},{\"@type\":\"BreadcrumbList\",\"@id\":\"https:\\\/\\\/clasicasierracentro.com\\\/#breadcrumb\",\"itemListElement\":[{\"@type\":\"ListItem\",\"position\":1,\"name\":\"Portada\",\"item\":\"https:\\\/\\\/clasicasierracentro.com\\\/\"},{\"@type\":\"ListItem\",\"position\":2,\"name\":\"Cl\u00e1sica Sierra Centro\"}]},{\"@type\":\"WebSite\",\"@id\":\"https:\\\/\\\/clasicasierracentro.com\\\/#website\",\"url\":\"https:\\\/\\\/clasicasierracentro.com\\\/\",\"name\":\"CL\u00c1SICA SIERRA CENTRO\",\"description\":\"CL\u00c1SICA SIERRA CENTRO\",\"publisher\":{\"@id\":\"https:\\\/\\\/clasicasierracentro.com\\\/#\\\/schema\\\/person\\\/0dbe694ae3855c65b8c501f1728ad93a\"},\"potentialAction\":[{\"@type\":\"SearchAction\",\"target\":{\"@type\":\"EntryPoint\",\"urlTemplate\":\"https:\\\/\\\/clasicasierracentro.com\\\/?s={search_term_string}\"},\"query-input\":{\"@type\":\"PropertyValueSpecification\",\"valueRequired\":true,\"valueName\":\"search_term_string\"}}],\"inLanguage\":\"es\"},{\"@type\":[\"Person\",\"Organization\"],\"@id\":\"https:\\\/\\\/clasicasierracentro.com\\\/#\\\/schema\\\/person\\\/0dbe694ae3855c65b8c501f1728ad93a\",\"name\":\"Cl\u00e1sica Sierra Centro\",\"image\":{\"@type\":\"ImageObject\",\"inLanguage\":\"es\",\"@id\":\"https:\\\/\\\/clasicasierracentro.com\\\/wp-content\\\/uploads\\\/2025\\\/12\\\/cropped-Placa-XI-Clasica-Sierra-Centro-2026.png\",\"url\":\"https:\\\/\\\/clasicasierracentro.com\\\/wp-content\\\/uploads\\\/2025\\\/12\\\/cropped-Placa-XI-Clasica-Sierra-Centro-2026.png\",\"contentUrl\":\"https:\\\/\\\/clasicasierracentro.com\\\/wp-content\\\/uploads\\\/2025\\\/12\\\/cropped-Placa-XI-Clasica-Sierra-Centro-2026.png\",\"width\":613,\"height\":460,\"caption\":\"Cl\u00e1sica Sierra Centro\"},\"logo\":{\"@id\":\"https:\\\/\\\/clasicasierracentro.com\\\/wp-content\\\/uploads\\\/2025\\\/12\\\/cropped-Placa-XI-Clasica-Sierra-Centro-2026.png\"},\"sameAs\":[\"http:\\\/\\\/clasicasierracentro.com\"]}]}<\/script>\n<!-- \/ Yoast SEO plugin. -->","yoast_head_json":{"title":"Cl\u00e1sica Sierra Centro | CL\u00c1SICA SIERRA CENTRO","robots":{"index":"index","follow":"follow","max-snippet":"max-snippet:-1","max-image-preview":"max-image-preview:large","max-video-preview":"max-video-preview:-1"},"canonical":"https:\/\/clasicasierracentro.com\/","og_locale":"es_ES","og_type":"article","og_title":"Cl\u00e1sica Sierra Centro | CL\u00c1SICA SIERRA CENTRO","og_description":"Pruebas de regularidad cl\u00e1sica en la zona centro \u00a1\u00a1\u00a1Bienvenidos!!!","og_url":"https:\/\/clasicasierracentro.com\/","og_site_name":"CL\u00c1SICA SIERRA CENTRO","article_modified_time":"2026-04-20T19:49:30+00:00","og_image":[{"width":900,"height":460,"url":"https:\/\/clasicasierracentro.com\/wp-content\/uploads\/2025\/12\/Placa-XI-Clasica-Sierra-Centro-2026.png","type":"image\/png"}],"twitter_card":"summary_large_image","twitter_misc":{"Tiempo de lectura":"1 minuto"},"schema":{"@context":"https:\/\/schema.org","@graph":[{"@type":"WebPage","@id":"https:\/\/clasicasierracentro.com\/","url":"https:\/\/clasicasierracentro.com\/","name":"Cl\u00e1sica Sierra Centro | CL\u00c1SICA SIERRA CENTRO","isPartOf":{"@id":"https:\/\/clasicasierracentro.com\/#website"},"primaryImageOfPage":{"@id":"https:\/\/clasicasierracentro.com\/#primaryimage"},"image":{"@id":"https:\/\/clasicasierracentro.com\/#primaryimage"},"thumbnailUrl":"https:\/\/clasicasierracentro.com\/wp-content\/uploads\/2025\/12\/Placa-XI-Clasica-Sierra-Centro-2026.png","datePublished":"2022-01-15T20:53:16+00:00","dateModified":"2026-04-20T19:49:30+00:00","breadcrumb":{"@id":"https:\/\/clasicasierracentro.com\/#breadcrumb"},"inLanguage":"es","potentialAction":[{"@type":"ReadAction","target":["https:\/\/clasicasierracentro.com\/"]}]},{"@type":"ImageObject","inLanguage":"es","@id":"https:\/\/clasicasierracentro.com\/#primaryimage","url":"https:\/\/clasicasierracentro.com\/wp-content\/uploads\/2025\/12\/Placa-XI-Clasica-Sierra-Centro-2026.png","contentUrl":"https:\/\/clasicasierracentro.com\/wp-content\/uploads\/2025\/12\/Placa-XI-Clasica-Sierra-Centro-2026.png","width":900,"height":460},{"@type":"BreadcrumbList","@id":"https:\/\/clasicasierracentro.com\/#breadcrumb","itemListElement":[{"@type":"ListItem","position":1,"name":"Portada","item":"https:\/\/clasicasierracentro.com\/"},{"@type":"ListItem","position":2,"name":"Cl\u00e1sica Sierra Centro"}]},{"@type":"WebSite","@id":"https:\/\/clasicasierracentro.com\/#website","url":"https:\/\/clasicasierracentro.com\/","name":"CL\u00c1SICA SIERRA CENTRO","description":"CL\u00c1SICA SIERRA CENTRO","publisher":{"@id":"https:\/\/clasicasierracentro.com\/#\/schema\/person\/0dbe694ae3855c65b8c501f1728ad93a"},"potentialAction":[{"@type":"SearchAction","target":{"@type":"EntryPoint","urlTemplate":"https:\/\/clasicasierracentro.com\/?s={search_term_string}"},"query-input":{"@type":"PropertyValueSpecification","valueRequired":true,"valueName":"search_term_string"}}],"inLanguage":"es"},{"@type":["Person","Organization"],"@id":"https:\/\/clasicasierracentro.com\/#\/schema\/person\/0dbe694ae3855c65b8c501f1728ad93a","name":"Cl\u00e1sica Sierra Centro","image":{"@type":"ImageObject","inLanguage":"es","@id":"https:\/\/clasicasierracentro.com\/wp-content\/uploads\/2025\/12\/cropped-Placa-XI-Clasica-Sierra-Centro-2026.png","url":"https:\/\/clasicasierracentro.com\/wp-content\/uploads\/2025\/12\/cropped-Placa-XI-Clasica-Sierra-Centro-2026.png","contentUrl":"https:\/\/clasicasierracentro.com\/wp-content\/uploads\/2025\/12\/cropped-Placa-XI-Clasica-Sierra-Centro-2026.png","width":613,"height":460,"caption":"Cl\u00e1sica Sierra Centro"},"logo":{"@id":"https:\/\/clasicasierracentro.com\/wp-content\/uploads\/2025\/12\/cropped-Placa-XI-Clasica-Sierra-Centro-2026.png"},"sameAs":["http:\/\/clasicasierracentro.com"]}]}},"_links":{"self":[{"href":"https:\/\/clasicasierracentro.com\/index.php?rest_route=\/wp\/v2\/pages\/38","targetHints":{"allow":["GET"]}}],"collection":[{"href":"https:\/\/clasicasierracentro.com\/index.php?rest_route=\/wp\/v2\/pages"}],"about":[{"href":"https:\/\/clasicasierracentro.com\/index.php?rest_route=\/wp\/v2\/types\/page"}],"author":[{"embeddable":true,"href":"https:\/\/clasicasierracentro.com\/index.php?rest_route=\/wp\/v2\/users\/1"}],"replies":[{"embeddable":true,"href":"https:\/\/clasicasierracentro.com\/index.php?rest_route=%2Fwp%2Fv2%2Fcomments&post=38"}],"version-history":[{"count":289,"href":"https:\/\/clasicasierracentro.com\/index.php?rest_route=\/wp\/v2\/pages\/38\/revisions"}],"predecessor-version":[{"id":2075,"href":"https:\/\/clasicasierracentro.com\/index.php?rest_route=\/wp\/v2\/pages\/38\/revisions\/2075"}],"wp:attachment":[{"href":"https:\/\/clasicasierracentro.com\/index.php?rest_route=%2Fwp%2Fv2%2Fmedia&parent=38"}],"curies":[{"name":"wp","href":"https:\/\/api.w.org\/{rel}","templated":true}]}}