{"id":889,"date":"2023-04-21T17:14:57","date_gmt":"2023-04-21T16:14:57","guid":{"rendered":"https:\/\/clasicasierracentro.com\/?page_id=889"},"modified":"2025-09-22T22:28:11","modified_gmt":"2025-09-22T21:28:11","slug":"viii-clasica-sierra-centro","status":"publish","type":"page","link":"https:\/\/clasicasierracentro.com\/?page_id=889","title":{"rendered":"VIII Cl\u00e1sica Sierra Centro"},"content":{"rendered":"\n<div class=\"wp-block-columns alignwide is-layout-flex wp-container-core-columns-is-layout-9d6595d7 wp-block-columns-is-layout-flex\">\n<div class=\"wp-block-column is-layout-flow wp-block-column-is-layout-flow\">\n<div class=\"wp-block-group has-background\" style=\"background-color:#ffffff\"><div class=\"wp-block-group__inner-container is-layout-flow wp-block-group-is-layout-flow\">\n<h2 class=\"wp-block-heading has-text-align-center\">Clasificaci\u00f3n<\/h2>\n\n\n\n<figure class=\"wp-block-gallery has-nested-images columns-default is-cropped wp-block-gallery-1 is-layout-flex wp-block-gallery-is-layout-flex\">\n<figure class=\"wp-block-image size-large\"><img loading=\"lazy\" decoding=\"async\" width=\"452\" height=\"144\" data-id=\"121\" src=\"http:\/\/clasicasierracentro.com\/wp-content\/uploads\/2022\/01\/podium.jpg\" alt=\"\" class=\"wp-image-121\" srcset=\"https:\/\/clasicasierracentro.com\/wp-content\/uploads\/2022\/01\/podium.jpg 452w, https:\/\/clasicasierracentro.com\/wp-content\/uploads\/2022\/01\/podium-300x96.jpg 300w\" sizes=\"auto, (max-width: 452px) 100vw, 452px\" \/><\/figure>\n<\/figure>\n\n\n\n<p class=\"has-text-align-center\"><strong>1\u00ba- Jose Antonio Garc\u00eda \u2013 Gustavo Garc\u00eda <\/strong><\/p>\n\n\n\n<p class=\"has-text-align-center\"><strong>2\u00ba- Jorge S\u00e1nchez \u2013 Sergio Garc\u00eda<\/strong><\/p>\n\n\n\n<p class=\"has-text-align-center\"><strong>3\u00ba- Julio Enrique Mart\u00edn \u2013 Blanca Pastor<\/strong><\/p>\n\n\n\n<div class=\"wp-block-buttons is-horizontal is-content-justification-center is-layout-flex wp-container-core-buttons-is-layout-499968f5 wp-block-buttons-is-layout-flex\">\n<div class=\"wp-block-button is-style-outline is-style-outline--2\"><a class=\"wp-block-button__link has-primary-color has-text-color has-background wp-element-button\" href=\"https:\/\/docs.google.com\/spreadsheets\/d\/1Hd5Vc8gkLo-4zc4dlPMBlg4sIlkiI1eh\/edit?usp=share_link&amp;ouid=102280316388655615614&amp;rtpof=true&amp;sd=true\" style=\"border-radius:25px;background-color:#160ace\" target=\"_blank\" rel=\"noreferrer noopener\"><strong><mark style=\"background-color:rgba(0, 0, 0, 0)\" class=\"has-inline-color has-background-color\">clasificaci\u00d3n<\/mark><\/strong><\/a><\/div>\n\n\n\n<div class=\"wp-block-button is-style-outline is-style-outline--3\"><a class=\"wp-block-button__link has-primary-color has-text-color has-background wp-element-button\" href=\"https:\/\/drive.google.com\/file\/d\/1dIosZYrYUMWU9AgK-f1SasTLwNaJ1Zed\/view?usp=share_link\" style=\"border-radius:25px;background-color:#160ace\" target=\"_blank\" rel=\"noreferrer noopener\"><strong><mark style=\"background-color:rgba(0, 0, 0, 0)\" class=\"has-inline-color has-background-color\">CR\u00d3NICA<\/mark><\/strong><\/a><\/div>\n<\/div>\n<\/div><\/div>\n\n\n\n<figure class=\"wp-block-image size-large\"><img loading=\"lazy\" decoding=\"async\" width=\"1024\" height=\"683\" src=\"https:\/\/clasicasierracentro.com\/wp-content\/uploads\/2023\/04\/337290879_1656868454773633_1361005006811047043_n-1024x683.jpg\" alt=\"\" class=\"wp-image-891\" srcset=\"https:\/\/clasicasierracentro.com\/wp-content\/uploads\/2023\/04\/337290879_1656868454773633_1361005006811047043_n-1024x683.jpg 1024w, https:\/\/clasicasierracentro.com\/wp-content\/uploads\/2023\/04\/337290879_1656868454773633_1361005006811047043_n-300x200.jpg 300w, https:\/\/clasicasierracentro.com\/wp-content\/uploads\/2023\/04\/337290879_1656868454773633_1361005006811047043_n-768x512.jpg 768w, https:\/\/clasicasierracentro.com\/wp-content\/uploads\/2023\/04\/337290879_1656868454773633_1361005006811047043_n-1536x1024.jpg 1536w, https:\/\/clasicasierracentro.com\/wp-content\/uploads\/2023\/04\/337290879_1656868454773633_1361005006811047043_n-1200x800.jpg 1200w, https:\/\/clasicasierracentro.com\/wp-content\/uploads\/2023\/04\/337290879_1656868454773633_1361005006811047043_n-1980x1320.jpg 1980w, https:\/\/clasicasierracentro.com\/wp-content\/uploads\/2023\/04\/337290879_1656868454773633_1361005006811047043_n.jpg 2048w\" sizes=\"auto, (max-width: 1024px) 100vw, 1024px\" \/><\/figure>\n\n\n\n<figure class=\"wp-block-image size-full\"><img loading=\"lazy\" decoding=\"async\" width=\"448\" height=\"229\" src=\"https:\/\/clasicasierracentro.com\/wp-content\/uploads\/2023\/04\/Placa-8.jpg\" alt=\"\" class=\"wp-image-908\" srcset=\"https:\/\/clasicasierracentro.com\/wp-content\/uploads\/2023\/04\/Placa-8.jpg 448w, https:\/\/clasicasierracentro.com\/wp-content\/uploads\/2023\/04\/Placa-8-300x153.jpg 300w\" sizes=\"auto, (max-width: 448px) 100vw, 448px\" \/><\/figure>\n<\/div>\n\n\n\n<div class=\"wp-block-column is-layout-flow wp-block-column-is-layout-flow\">\n<div class=\"wp-block-group has-background\" style=\"background-color:#ffffff\"><div class=\"wp-block-group__inner-container is-layout-flow wp-block-group-is-layout-flow\">\n<h2 class=\"wp-block-heading has-text-align-center\">Fotograf\u00edas<\/h2>\n\n\n<div class=\"wp-block-image\">\n<figure class=\"aligncenter size-full\"><img loading=\"lazy\" decoding=\"async\" width=\"200\" height=\"165\" src=\"https:\/\/clasicasierracentro.com\/wp-content\/uploads\/2025\/04\/Camara-fotos-e1758575331359.png\" alt=\"\" class=\"wp-image-1717\"\/><\/figure>\n<\/div>\n\n\n<p class=\"has-text-align-center\"><\/p>\n\n\n\n<div class=\"wp-block-buttons is-horizontal is-content-justification-center is-layout-flex wp-container-core-buttons-is-layout-499968f5 wp-block-buttons-is-layout-flex\">\n<div class=\"wp-block-button is-style-outline is-style-outline--4\"><a class=\"wp-block-button__link has-primary-color has-text-color has-background wp-element-button\" href=\"https:\/\/www.facebook.com\/media\/set\/?set=a.697997602327199&amp;type=3\" style=\"border-radius:25px;background-color:#160ace\" target=\"_blank\" rel=\"noreferrer noopener\"><strong><mark style=\"background-color:rgba(0, 0, 0, 0)\" class=\"has-inline-color has-background-color\">Salida<\/mark><\/strong><\/a><\/div>\n\n\n\n<div class=\"wp-block-button is-style-outline is-style-outline--5\"><a class=\"wp-block-button__link has-primary-color has-text-color has-background wp-element-button\" href=\"https:\/\/www.facebook.com\/media\/set\/?set=a.689752259818400&amp;type=3\" style=\"border-radius:25px;background-color:#160ace\" target=\"_blank\" rel=\"noreferrer noopener\"><strong><mark style=\"background-color:rgba(0, 0, 0, 0)\" class=\"has-inline-color has-background-color\">tC 3 <\/mark><\/strong><\/a><\/div>\n\n\n\n<div class=\"wp-block-button is-style-outline is-style-outline--6\"><a class=\"wp-block-button__link has-primary-color has-text-color has-background wp-element-button\" href=\"https:\/\/www.facebook.com\/media\/set\/?set=a.695199572607002&amp;type=3\" style=\"border-radius:25px;background-color:#160ace\" target=\"_blank\" rel=\"noreferrer noopener\"><strong><mark style=\"background-color:rgba(0, 0, 0, 0)\" class=\"has-inline-color has-background-color\">tC 5<\/mark><\/strong><\/a><\/div>\n\n\n\n<div class=\"wp-block-button is-style-outline is-style-outline--7\"><a class=\"wp-block-button__link has-primary-color has-text-color has-background wp-element-button\" href=\"https:\/\/www.facebook.com\/media\/set\/?set=a.690325126427780&amp;type=3\" style=\"border-radius:25px;background-color:#160ace\" target=\"_blank\" rel=\"noreferrer noopener\"><strong><mark style=\"background-color:rgba(0, 0, 0, 0)\" class=\"has-inline-color has-background-color\"><strong><mark style=\"background-color:rgba(0, 0, 0, 0)\" class=\"has-inline-color has-background-color\">tC 6<\/mark><\/strong><\/mark><\/strong><\/a><\/div>\n\n\n\n<div class=\"wp-block-button is-style-outline is-style-outline--8\"><a class=\"wp-block-button__link has-primary-color has-text-color has-background wp-element-button\" href=\"https:\/\/www.facebook.com\/media\/set\/?set=a.691089713017988&amp;type=3\" style=\"border-radius:25px;background-color:#160ace\" target=\"_blank\" rel=\"noreferrer noopener\"><strong><mark style=\"background-color:rgba(0, 0, 0, 0)\" class=\"has-inline-color has-background-color\"><strong><mark style=\"background-color:rgba(0, 0, 0, 0)\" class=\"has-inline-color has-background-color\">tC 9 <\/mark><\/strong><\/mark><\/strong><\/a><\/div>\n\n\n\n<div class=\"wp-block-button is-style-outline is-style-outline--9\"><a class=\"wp-block-button__link has-primary-color has-text-color has-background wp-element-button\" href=\"https:\/\/www.facebook.com\/media\/set\/?set=a.695724145887878&amp;type=3\" style=\"border-radius:25px;background-color:#160ace\" target=\"_blank\" rel=\"noreferrer noopener\"><strong><mark style=\"background-color:rgba(0, 0, 0, 0)\" class=\"has-inline-color has-background-color\"><strong><mark style=\"background-color:rgba(0, 0, 0, 0)\" class=\"has-inline-color has-background-color\">tC 11<\/mark><\/strong><\/mark><\/strong><\/a><\/div>\n\n\n\n<div class=\"wp-block-button is-style-outline is-style-outline--10\"><a class=\"wp-block-button__link has-primary-color has-text-color has-background wp-element-button\" href=\"https:\/\/www.facebook.com\/media\/set\/?set=a.695827975877495&amp;type=3\" style=\"border-radius:25px;background-color:#160ace\" target=\"_blank\" rel=\"noreferrer noopener\"><strong><mark style=\"background-color:rgba(0, 0, 0, 0)\" class=\"has-inline-color has-background-color\"><strong><mark style=\"background-color:rgba(0, 0, 0, 0)\" class=\"has-inline-color has-background-color\">TC 1<strong><mark style=\"background-color:rgba(0, 0, 0, 0)\" class=\"has-inline-color has-background-color\">4<\/mark><\/strong><\/mark><\/strong><\/mark><\/strong><\/a><\/div>\n\n\n\n<div class=\"wp-block-button is-style-outline is-style-outline--11\"><a class=\"wp-block-button__link has-primary-color has-text-color has-background wp-element-button\" href=\"https:\/\/www.facebook.com\/media\/set\/?set=a.697999542327005&amp;type=3\" style=\"border-radius:25px;background-color:#160ace\" target=\"_blank\" rel=\"noreferrer noopener\"><strong><mark style=\"background-color:rgba(0, 0, 0, 0)\" class=\"has-inline-color has-background-color\"><strong><mark style=\"background-color:rgba(0, 0, 0, 0)\" class=\"has-inline-color has-background-color\">entrega de trofeos<\/mark><\/strong><\/mark><\/strong><\/a><\/div>\n<\/div>\n<\/div><\/div>\n\n\n\n<figure class=\"wp-block-image size-full\"><img loading=\"lazy\" decoding=\"async\" width=\"722\" height=\"1024\" src=\"https:\/\/clasicasierracentro.com\/wp-content\/uploads\/2023\/04\/Cartel-8-2.jpg\" alt=\"\" class=\"wp-image-902\" srcset=\"https:\/\/clasicasierracentro.com\/wp-content\/uploads\/2023\/04\/Cartel-8-2.jpg 722w, https:\/\/clasicasierracentro.com\/wp-content\/uploads\/2023\/04\/Cartel-8-2-212x300.jpg 212w\" sizes=\"auto, (max-width: 722px) 100vw, 722px\" \/><\/figure>\n<\/div>\n<\/div>\n","protected":false},"excerpt":{"rendered":"<p>Clasificaci\u00f3n 1\u00ba- Jose Antonio Garc\u00eda \u2013 Gustavo Garc\u00eda 2\u00ba- Jorge S\u00e1nchez \u2013 Sergio Garc\u00eda 3\u00ba- Julio Enrique Mart\u00edn \u2013 Blanca Pastor Fotograf\u00edas<\/p>\n","protected":false},"author":1,"featured_media":0,"parent":0,"menu_order":0,"comment_status":"closed","ping_status":"closed","template":"","meta":{"om_disable_all_campaigns":false,"_monsterinsights_skip_tracking":false,"_monsterinsights_sitenote_active":false,"_monsterinsights_sitenote_note":"","_monsterinsights_sitenote_category":0,"footnotes":""},"class_list":["post-889","page","type-page","status-publish","hentry"],"yoast_head":"<!-- This site is optimized with the Yoast SEO plugin v27.4 - https:\/\/yoast.com\/product\/yoast-seo-wordpress\/ -->\n<title>VIII Cl\u00e1sica Sierra Centro | CL\u00c1SICA SIERRA CENTRO<\/title>\n<meta name=\"robots\" content=\"index, follow, max-snippet:-1, max-image-preview:large, max-video-preview:-1\" \/>\n<link rel=\"canonical\" href=\"https:\/\/clasicasierracentro.com\/?page_id=889\" \/>\n<meta property=\"og:locale\" content=\"es_ES\" \/>\n<meta property=\"og:type\" content=\"article\" \/>\n<meta property=\"og:title\" content=\"VIII Cl\u00e1sica Sierra Centro | CL\u00c1SICA SIERRA CENTRO\" \/>\n<meta property=\"og:description\" content=\"Clasificaci\u00f3n 1\u00ba- Jose Antonio Garc\u00eda \u2013 Gustavo Garc\u00eda 2\u00ba- Jorge S\u00e1nchez \u2013 Sergio Garc\u00eda 3\u00ba- Julio Enrique Mart\u00edn \u2013 Blanca Pastor Fotograf\u00edas\" \/>\n<meta property=\"og:url\" content=\"https:\/\/clasicasierracentro.com\/?page_id=889\" \/>\n<meta property=\"og:site_name\" content=\"CL\u00c1SICA SIERRA CENTRO\" \/>\n<meta property=\"article:modified_time\" content=\"2025-09-22T21:28:11+00:00\" \/>\n<meta property=\"og:image\" content=\"https:\/\/clasicasierracentro.com\/wp-content\/uploads\/2022\/01\/podium.jpg\" \/>\n\t<meta property=\"og:image:width\" content=\"452\" \/>\n\t<meta property=\"og:image:height\" content=\"144\" \/>\n\t<meta property=\"og:image:type\" content=\"image\/jpeg\" \/>\n<meta name=\"twitter:card\" content=\"summary_large_image\" \/>\n<meta name=\"twitter:label1\" content=\"Tiempo de lectura\" \/>\n\t<meta name=\"twitter:data1\" content=\"1 minuto\" \/>\n<script type=\"application\/ld+json\" class=\"yoast-schema-graph\">{\"@context\":\"https:\\\/\\\/schema.org\",\"@graph\":[{\"@type\":\"WebPage\",\"@id\":\"https:\\\/\\\/clasicasierracentro.com\\\/?page_id=889\",\"url\":\"https:\\\/\\\/clasicasierracentro.com\\\/?page_id=889\",\"name\":\"VIII Cl\u00e1sica Sierra Centro | CL\u00c1SICA SIERRA CENTRO\",\"isPartOf\":{\"@id\":\"https:\\\/\\\/clasicasierracentro.com\\\/#website\"},\"primaryImageOfPage\":{\"@id\":\"https:\\\/\\\/clasicasierracentro.com\\\/?page_id=889#primaryimage\"},\"image\":{\"@id\":\"https:\\\/\\\/clasicasierracentro.com\\\/?page_id=889#primaryimage\"},\"thumbnailUrl\":\"http:\\\/\\\/clasicasierracentro.com\\\/wp-content\\\/uploads\\\/2022\\\/01\\\/podium.jpg\",\"datePublished\":\"2023-04-21T16:14:57+00:00\",\"dateModified\":\"2025-09-22T21:28:11+00:00\",\"breadcrumb\":{\"@id\":\"https:\\\/\\\/clasicasierracentro.com\\\/?page_id=889#breadcrumb\"},\"inLanguage\":\"es\",\"potentialAction\":[{\"@type\":\"ReadAction\",\"target\":[\"https:\\\/\\\/clasicasierracentro.com\\\/?page_id=889\"]}]},{\"@type\":\"ImageObject\",\"inLanguage\":\"es\",\"@id\":\"https:\\\/\\\/clasicasierracentro.com\\\/?page_id=889#primaryimage\",\"url\":\"http:\\\/\\\/clasicasierracentro.com\\\/wp-content\\\/uploads\\\/2022\\\/01\\\/podium.jpg\",\"contentUrl\":\"http:\\\/\\\/clasicasierracentro.com\\\/wp-content\\\/uploads\\\/2022\\\/01\\\/podium.jpg\"},{\"@type\":\"BreadcrumbList\",\"@id\":\"https:\\\/\\\/clasicasierracentro.com\\\/?page_id=889#breadcrumb\",\"itemListElement\":[{\"@type\":\"ListItem\",\"position\":1,\"name\":\"Portada\",\"item\":\"https:\\\/\\\/clasicasierracentro.com\\\/\"},{\"@type\":\"ListItem\",\"position\":2,\"name\":\"VIII Cl\u00e1sica Sierra Centro\"}]},{\"@type\":\"WebSite\",\"@id\":\"https:\\\/\\\/clasicasierracentro.com\\\/#website\",\"url\":\"https:\\\/\\\/clasicasierracentro.com\\\/\",\"name\":\"CL\u00c1SICA SIERRA CENTRO\",\"description\":\"CL\u00c1SICA SIERRA CENTRO\",\"publisher\":{\"@id\":\"https:\\\/\\\/clasicasierracentro.com\\\/#\\\/schema\\\/person\\\/0dbe694ae3855c65b8c501f1728ad93a\"},\"potentialAction\":[{\"@type\":\"SearchAction\",\"target\":{\"@type\":\"EntryPoint\",\"urlTemplate\":\"https:\\\/\\\/clasicasierracentro.com\\\/?s={search_term_string}\"},\"query-input\":{\"@type\":\"PropertyValueSpecification\",\"valueRequired\":true,\"valueName\":\"search_term_string\"}}],\"inLanguage\":\"es\"},{\"@type\":[\"Person\",\"Organization\"],\"@id\":\"https:\\\/\\\/clasicasierracentro.com\\\/#\\\/schema\\\/person\\\/0dbe694ae3855c65b8c501f1728ad93a\",\"name\":\"Cl\u00e1sica Sierra Centro\",\"image\":{\"@type\":\"ImageObject\",\"inLanguage\":\"es\",\"@id\":\"https:\\\/\\\/clasicasierracentro.com\\\/wp-content\\\/uploads\\\/2025\\\/12\\\/cropped-Placa-XI-Clasica-Sierra-Centro-2026.png\",\"url\":\"https:\\\/\\\/clasicasierracentro.com\\\/wp-content\\\/uploads\\\/2025\\\/12\\\/cropped-Placa-XI-Clasica-Sierra-Centro-2026.png\",\"contentUrl\":\"https:\\\/\\\/clasicasierracentro.com\\\/wp-content\\\/uploads\\\/2025\\\/12\\\/cropped-Placa-XI-Clasica-Sierra-Centro-2026.png\",\"width\":613,\"height\":460,\"caption\":\"Cl\u00e1sica Sierra Centro\"},\"logo\":{\"@id\":\"https:\\\/\\\/clasicasierracentro.com\\\/wp-content\\\/uploads\\\/2025\\\/12\\\/cropped-Placa-XI-Clasica-Sierra-Centro-2026.png\"},\"sameAs\":[\"http:\\\/\\\/clasicasierracentro.com\"]}]}<\/script>\n<!-- \/ Yoast SEO plugin. -->","yoast_head_json":{"title":"VIII Cl\u00e1sica Sierra Centro | CL\u00c1SICA SIERRA CENTRO","robots":{"index":"index","follow":"follow","max-snippet":"max-snippet:-1","max-image-preview":"max-image-preview:large","max-video-preview":"max-video-preview:-1"},"canonical":"https:\/\/clasicasierracentro.com\/?page_id=889","og_locale":"es_ES","og_type":"article","og_title":"VIII Cl\u00e1sica Sierra Centro | CL\u00c1SICA SIERRA CENTRO","og_description":"Clasificaci\u00f3n 1\u00ba- Jose Antonio Garc\u00eda \u2013 Gustavo Garc\u00eda 2\u00ba- Jorge S\u00e1nchez \u2013 Sergio Garc\u00eda 3\u00ba- Julio Enrique Mart\u00edn \u2013 Blanca Pastor Fotograf\u00edas","og_url":"https:\/\/clasicasierracentro.com\/?page_id=889","og_site_name":"CL\u00c1SICA SIERRA CENTRO","article_modified_time":"2025-09-22T21:28:11+00:00","og_image":[{"width":452,"height":144,"url":"https:\/\/clasicasierracentro.com\/wp-content\/uploads\/2022\/01\/podium.jpg","type":"image\/jpeg"}],"twitter_card":"summary_large_image","twitter_misc":{"Tiempo de lectura":"1 minuto"},"schema":{"@context":"https:\/\/schema.org","@graph":[{"@type":"WebPage","@id":"https:\/\/clasicasierracentro.com\/?page_id=889","url":"https:\/\/clasicasierracentro.com\/?page_id=889","name":"VIII Cl\u00e1sica Sierra Centro | CL\u00c1SICA SIERRA CENTRO","isPartOf":{"@id":"https:\/\/clasicasierracentro.com\/#website"},"primaryImageOfPage":{"@id":"https:\/\/clasicasierracentro.com\/?page_id=889#primaryimage"},"image":{"@id":"https:\/\/clasicasierracentro.com\/?page_id=889#primaryimage"},"thumbnailUrl":"http:\/\/clasicasierracentro.com\/wp-content\/uploads\/2022\/01\/podium.jpg","datePublished":"2023-04-21T16:14:57+00:00","dateModified":"2025-09-22T21:28:11+00:00","breadcrumb":{"@id":"https:\/\/clasicasierracentro.com\/?page_id=889#breadcrumb"},"inLanguage":"es","potentialAction":[{"@type":"ReadAction","target":["https:\/\/clasicasierracentro.com\/?page_id=889"]}]},{"@type":"ImageObject","inLanguage":"es","@id":"https:\/\/clasicasierracentro.com\/?page_id=889#primaryimage","url":"http:\/\/clasicasierracentro.com\/wp-content\/uploads\/2022\/01\/podium.jpg","contentUrl":"http:\/\/clasicasierracentro.com\/wp-content\/uploads\/2022\/01\/podium.jpg"},{"@type":"BreadcrumbList","@id":"https:\/\/clasicasierracentro.com\/?page_id=889#breadcrumb","itemListElement":[{"@type":"ListItem","position":1,"name":"Portada","item":"https:\/\/clasicasierracentro.com\/"},{"@type":"ListItem","position":2,"name":"VIII Cl\u00e1sica Sierra Centro"}]},{"@type":"WebSite","@id":"https:\/\/clasicasierracentro.com\/#website","url":"https:\/\/clasicasierracentro.com\/","name":"CL\u00c1SICA SIERRA CENTRO","description":"CL\u00c1SICA SIERRA CENTRO","publisher":{"@id":"https:\/\/clasicasierracentro.com\/#\/schema\/person\/0dbe694ae3855c65b8c501f1728ad93a"},"potentialAction":[{"@type":"SearchAction","target":{"@type":"EntryPoint","urlTemplate":"https:\/\/clasicasierracentro.com\/?s={search_term_string}"},"query-input":{"@type":"PropertyValueSpecification","valueRequired":true,"valueName":"search_term_string"}}],"inLanguage":"es"},{"@type":["Person","Organization"],"@id":"https:\/\/clasicasierracentro.com\/#\/schema\/person\/0dbe694ae3855c65b8c501f1728ad93a","name":"Cl\u00e1sica Sierra Centro","image":{"@type":"ImageObject","inLanguage":"es","@id":"https:\/\/clasicasierracentro.com\/wp-content\/uploads\/2025\/12\/cropped-Placa-XI-Clasica-Sierra-Centro-2026.png","url":"https:\/\/clasicasierracentro.com\/wp-content\/uploads\/2025\/12\/cropped-Placa-XI-Clasica-Sierra-Centro-2026.png","contentUrl":"https:\/\/clasicasierracentro.com\/wp-content\/uploads\/2025\/12\/cropped-Placa-XI-Clasica-Sierra-Centro-2026.png","width":613,"height":460,"caption":"Cl\u00e1sica Sierra Centro"},"logo":{"@id":"https:\/\/clasicasierracentro.com\/wp-content\/uploads\/2025\/12\/cropped-Placa-XI-Clasica-Sierra-Centro-2026.png"},"sameAs":["http:\/\/clasicasierracentro.com"]}]}},"_links":{"self":[{"href":"https:\/\/clasicasierracentro.com\/index.php?rest_route=\/wp\/v2\/pages\/889","targetHints":{"allow":["GET"]}}],"collection":[{"href":"https:\/\/clasicasierracentro.com\/index.php?rest_route=\/wp\/v2\/pages"}],"about":[{"href":"https:\/\/clasicasierracentro.com\/index.php?rest_route=\/wp\/v2\/types\/page"}],"author":[{"embeddable":true,"href":"https:\/\/clasicasierracentro.com\/index.php?rest_route=\/wp\/v2\/users\/1"}],"replies":[{"embeddable":true,"href":"https:\/\/clasicasierracentro.com\/index.php?rest_route=%2Fwp%2Fv2%2Fcomments&post=889"}],"version-history":[{"count":19,"href":"https:\/\/clasicasierracentro.com\/index.php?rest_route=\/wp\/v2\/pages\/889\/revisions"}],"predecessor-version":[{"id":1866,"href":"https:\/\/clasicasierracentro.com\/index.php?rest_route=\/wp\/v2\/pages\/889\/revisions\/1866"}],"wp:attachment":[{"href":"https:\/\/clasicasierracentro.com\/index.php?rest_route=%2Fwp%2Fv2%2Fmedia&parent=889"}],"curies":[{"name":"wp","href":"https:\/\/api.w.org\/{rel}","templated":true}]}}